{"id":6759,"date":"2021-12-06T08:36:44","date_gmt":"2021-12-06T08:36:44","guid":{"rendered":"https:\/\/www.gefinex.com\/gefitas-rs\/"},"modified":"2026-03-10T15:02:16","modified_gmt":"2026-03-10T15:02:16","slug":"gefitas-rs","status":"publish","type":"page","link":"https:\/\/www.gefinex.com\/fr\/produits\/gefitas-rs\/","title":{"rendered":"Gefitas\u00ae RS"},"content":{"rendered":"<p>Nous sommes les sp\u00e9cialistes de la protection contre le bruit, le radon et l&rsquo;humidit\u00e9 avec des mat\u00e9riaux de construction modernes en poly\u00e9thyl\u00e8ne.<\/p>\n","protected":false},"excerpt":{"rendered":"<p>Nous sommes les sp\u00e9cialistes de la protection contre le bruit, le radon et l&rsquo;humidit\u00e9 avec des mat\u00e9riaux de construction modernes en poly\u00e9thyl\u00e8ne.<\/p>\n","protected":false},"author":8,"featured_media":6773,"parent":6774,"menu_order":0,"comment_status":"closed","ping_status":"closed","template":"templates\/highlight-template.php","meta":{"footnotes":""},"class_list":["post-6759","page","type-page","status-publish","hentry"],"yoast_head":"<!-- This site is optimized with the Yoast SEO plugin v27.3 - https:\/\/yoast.com\/product\/yoast-seo-wordpress\/ -->\n<title>Gefitas\u00ae RS - Gefinex<\/title>\n<meta name=\"description\" content=\"Gefinex - Gefitas\u00ae RS - Prot\u00e9gez votre b\u00e2timent de mani\u00e8re fiable avec notre membrane d&#039;\u00e9tanch\u00e9it\u00e9 anti-radon\" \/>\n<meta name=\"robots\" content=\"index, follow, max-snippet:-1, max-image-preview:large, max-video-preview:-1\" \/>\n<link rel=\"canonical\" href=\"https:\/\/127.0.0.1\/produkte\/gefitas-radondicht\/\" \/>\n<meta property=\"og:locale\" content=\"fr_FR\" \/>\n<meta property=\"og:type\" content=\"article\" \/>\n<meta property=\"og:title\" content=\"Gefitas\u00ae RS - Gefinex\" \/>\n<meta property=\"og:description\" content=\"Gefinex - Gefitas\u00ae RS - Prot\u00e9gez votre b\u00e2timent de mani\u00e8re fiable avec notre membrane d&#039;\u00e9tanch\u00e9it\u00e9 anti-radon\" \/>\n<meta property=\"og:url\" content=\"https:\/\/127.0.0.1\/produkte\/gefitas-radondicht\/\" \/>\n<meta property=\"og:site_name\" content=\"Gefinex\" \/>\n<meta property=\"article:modified_time\" content=\"2026-03-10T15:02:16+00:00\" \/>\n<meta property=\"og:image\" content=\"https:\/\/127.0.0.1\/wp-content\/uploads\/2023\/08\/Abdichtungen_Wohnzimmer_frei-gegeben-1024x576.jpg\" \/>\n\t<meta property=\"og:image:width\" content=\"1024\" \/>\n\t<meta property=\"og:image:height\" content=\"576\" \/>\n\t<meta property=\"og:image:type\" content=\"image\/jpeg\" \/>\n<meta name=\"twitter:card\" content=\"summary_large_image\" \/>\n<script type=\"application\/ld+json\" class=\"yoast-schema-graph\">{\"@context\":\"https:\\\/\\\/schema.org\",\"@graph\":[{\"@type\":\"WebPage\",\"@id\":\"https:\\\/\\\/127.0.0.1\\\/produkte\\\/gefitas-radondicht\\\/\",\"url\":\"https:\\\/\\\/127.0.0.1\\\/produkte\\\/gefitas-radondicht\\\/\",\"name\":\"Gefitas\u00ae RS - Gefinex\",\"isPartOf\":{\"@id\":\"https:\\\/\\\/www.gefinex.com\\\/#website\"},\"primaryImageOfPage\":{\"@id\":\"https:\\\/\\\/127.0.0.1\\\/produkte\\\/gefitas-radondicht\\\/#primaryimage\"},\"image\":{\"@id\":\"https:\\\/\\\/127.0.0.1\\\/produkte\\\/gefitas-radondicht\\\/#primaryimage\"},\"thumbnailUrl\":\"https:\\\/\\\/www.gefinex.com\\\/wp-content\\\/uploads\\\/2023\\\/08\\\/Abdichtungen_Wohnzimmer_frei-gegeben.jpg\",\"datePublished\":\"2021-12-06T08:36:44+00:00\",\"dateModified\":\"2026-03-10T15:02:16+00:00\",\"description\":\"Gefinex - Gefitas\u00ae RS - Prot\u00e9gez votre b\u00e2timent de mani\u00e8re fiable avec notre membrane d'\u00e9tanch\u00e9it\u00e9 anti-radon\",\"breadcrumb\":{\"@id\":\"https:\\\/\\\/127.0.0.1\\\/produkte\\\/gefitas-radondicht\\\/#breadcrumb\"},\"inLanguage\":\"fr-FR\",\"potentialAction\":[{\"@type\":\"ReadAction\",\"target\":[\"https:\\\/\\\/127.0.0.1\\\/produkte\\\/gefitas-radondicht\\\/\"]}]},{\"@type\":\"ImageObject\",\"inLanguage\":\"fr-FR\",\"@id\":\"https:\\\/\\\/127.0.0.1\\\/produkte\\\/gefitas-radondicht\\\/#primaryimage\",\"url\":\"https:\\\/\\\/www.gefinex.com\\\/wp-content\\\/uploads\\\/2023\\\/08\\\/Abdichtungen_Wohnzimmer_frei-gegeben.jpg\",\"contentUrl\":\"https:\\\/\\\/www.gefinex.com\\\/wp-content\\\/uploads\\\/2023\\\/08\\\/Abdichtungen_Wohnzimmer_frei-gegeben.jpg\",\"width\":4199,\"height\":2362},{\"@type\":\"BreadcrumbList\",\"@id\":\"https:\\\/\\\/127.0.0.1\\\/produkte\\\/gefitas-radondicht\\\/#breadcrumb\",\"itemListElement\":[{\"@type\":\"ListItem\",\"position\":1,\"name\":\"Home\",\"item\":\"https:\\\/\\\/3.64.20.196\\\/fr\\\/\"},{\"@type\":\"ListItem\",\"position\":2,\"name\":\"Produits\",\"item\":\"https:\\\/\\\/3.64.20.196\\\/fr\\\/produits\\\/\"},{\"@type\":\"ListItem\",\"position\":3,\"name\":\"Gefitas\u00ae RS\"}]},{\"@type\":\"WebSite\",\"@id\":\"https:\\\/\\\/www.gefinex.com\\\/#website\",\"url\":\"https:\\\/\\\/www.gefinex.com\\\/\",\"name\":\"Gefinex\",\"description\":\"\",\"potentialAction\":[{\"@type\":\"SearchAction\",\"target\":{\"@type\":\"EntryPoint\",\"urlTemplate\":\"https:\\\/\\\/www.gefinex.com\\\/?s={search_term_string}\"},\"query-input\":{\"@type\":\"PropertyValueSpecification\",\"valueRequired\":true,\"valueName\":\"search_term_string\"}}],\"inLanguage\":\"fr-FR\"}]}<\/script>\n<!-- \/ Yoast SEO plugin. -->","yoast_head_json":{"title":"Gefitas\u00ae RS - Gefinex","description":"Gefinex - Gefitas\u00ae RS - Prot\u00e9gez votre b\u00e2timent de mani\u00e8re fiable avec notre membrane d'\u00e9tanch\u00e9it\u00e9 anti-radon","robots":{"index":"index","follow":"follow","max-snippet":"max-snippet:-1","max-image-preview":"max-image-preview:large","max-video-preview":"max-video-preview:-1"},"canonical":"https:\/\/127.0.0.1\/produkte\/gefitas-radondicht\/","og_locale":"fr_FR","og_type":"article","og_title":"Gefitas\u00ae RS - Gefinex","og_description":"Gefinex - Gefitas\u00ae RS - Prot\u00e9gez votre b\u00e2timent de mani\u00e8re fiable avec notre membrane d'\u00e9tanch\u00e9it\u00e9 anti-radon","og_url":"https:\/\/127.0.0.1\/produkte\/gefitas-radondicht\/","og_site_name":"Gefinex","article_modified_time":"2026-03-10T15:02:16+00:00","og_image":[{"width":1024,"height":576,"url":"https:\/\/127.0.0.1\/wp-content\/uploads\/2023\/08\/Abdichtungen_Wohnzimmer_frei-gegeben-1024x576.jpg","type":"image\/jpeg"}],"twitter_card":"summary_large_image","schema":{"@context":"https:\/\/schema.org","@graph":[{"@type":"WebPage","@id":"https:\/\/127.0.0.1\/produkte\/gefitas-radondicht\/","url":"https:\/\/127.0.0.1\/produkte\/gefitas-radondicht\/","name":"Gefitas\u00ae RS - Gefinex","isPartOf":{"@id":"https:\/\/www.gefinex.com\/#website"},"primaryImageOfPage":{"@id":"https:\/\/127.0.0.1\/produkte\/gefitas-radondicht\/#primaryimage"},"image":{"@id":"https:\/\/127.0.0.1\/produkte\/gefitas-radondicht\/#primaryimage"},"thumbnailUrl":"https:\/\/www.gefinex.com\/wp-content\/uploads\/2023\/08\/Abdichtungen_Wohnzimmer_frei-gegeben.jpg","datePublished":"2021-12-06T08:36:44+00:00","dateModified":"2026-03-10T15:02:16+00:00","description":"Gefinex - Gefitas\u00ae RS - Prot\u00e9gez votre b\u00e2timent de mani\u00e8re fiable avec notre membrane d'\u00e9tanch\u00e9it\u00e9 anti-radon","breadcrumb":{"@id":"https:\/\/127.0.0.1\/produkte\/gefitas-radondicht\/#breadcrumb"},"inLanguage":"fr-FR","potentialAction":[{"@type":"ReadAction","target":["https:\/\/127.0.0.1\/produkte\/gefitas-radondicht\/"]}]},{"@type":"ImageObject","inLanguage":"fr-FR","@id":"https:\/\/127.0.0.1\/produkte\/gefitas-radondicht\/#primaryimage","url":"https:\/\/www.gefinex.com\/wp-content\/uploads\/2023\/08\/Abdichtungen_Wohnzimmer_frei-gegeben.jpg","contentUrl":"https:\/\/www.gefinex.com\/wp-content\/uploads\/2023\/08\/Abdichtungen_Wohnzimmer_frei-gegeben.jpg","width":4199,"height":2362},{"@type":"BreadcrumbList","@id":"https:\/\/127.0.0.1\/produkte\/gefitas-radondicht\/#breadcrumb","itemListElement":[{"@type":"ListItem","position":1,"name":"Home","item":"https:\/\/3.64.20.196\/fr\/"},{"@type":"ListItem","position":2,"name":"Produits","item":"https:\/\/3.64.20.196\/fr\/produits\/"},{"@type":"ListItem","position":3,"name":"Gefitas\u00ae RS"}]},{"@type":"WebSite","@id":"https:\/\/www.gefinex.com\/#website","url":"https:\/\/www.gefinex.com\/","name":"Gefinex","description":"","potentialAction":[{"@type":"SearchAction","target":{"@type":"EntryPoint","urlTemplate":"https:\/\/www.gefinex.com\/?s={search_term_string}"},"query-input":{"@type":"PropertyValueSpecification","valueRequired":true,"valueName":"search_term_string"}}],"inLanguage":"fr-FR"}]}},"_links":{"self":[{"href":"https:\/\/www.gefinex.com\/fr\/wp-json\/wp\/v2\/pages\/6759","targetHints":{"allow":["GET"]}}],"collection":[{"href":"https:\/\/www.gefinex.com\/fr\/wp-json\/wp\/v2\/pages"}],"about":[{"href":"https:\/\/www.gefinex.com\/fr\/wp-json\/wp\/v2\/types\/page"}],"author":[{"embeddable":true,"href":"https:\/\/www.gefinex.com\/fr\/wp-json\/wp\/v2\/users\/8"}],"replies":[{"embeddable":true,"href":"https:\/\/www.gefinex.com\/fr\/wp-json\/wp\/v2\/comments?post=6759"}],"version-history":[{"count":3,"href":"https:\/\/www.gefinex.com\/fr\/wp-json\/wp\/v2\/pages\/6759\/revisions"}],"predecessor-version":[{"id":7660,"href":"https:\/\/www.gefinex.com\/fr\/wp-json\/wp\/v2\/pages\/6759\/revisions\/7660"}],"up":[{"embeddable":true,"href":"https:\/\/www.gefinex.com\/fr\/wp-json\/wp\/v2\/pages\/6774"}],"wp:featuredmedia":[{"embeddable":true,"href":"https:\/\/www.gefinex.com\/fr\/wp-json\/wp\/v2\/media\/6773"}],"wp:attachment":[{"href":"https:\/\/www.gefinex.com\/fr\/wp-json\/wp\/v2\/media?parent=6759"}],"curies":[{"name":"wp","href":"https:\/\/api.w.org\/{rel}","templated":true}]}}