{"id":6796,"date":"2021-12-03T10:04:25","date_gmt":"2021-12-03T10:04:25","guid":{"rendered":"https:\/\/www.gefinex.com\/formulaire-de-contact\/"},"modified":"2026-03-10T15:02:17","modified_gmt":"2026-03-10T15:02:17","slug":"formulaire-de-contact","status":"publish","type":"page","link":"https:\/\/www.gefinex.com\/fr\/contact\/formulaire-de-contact\/","title":{"rendered":"Formulaire de contact"},"content":{"rendered":"<p>Nous sommes impatients de vous entendre et nous r\u00e9pondrons \u00e0 vos pr\u00e9occupations dans les plus brefs d\u00e9lais.<\/p>\n","protected":false},"excerpt":{"rendered":"<p>Nous sommes impatients de vous entendre et nous r\u00e9pondrons \u00e0 vos pr\u00e9occupations dans les plus brefs d\u00e9lais.<\/p>\n","protected":false},"author":8,"featured_media":0,"parent":6800,"menu_order":0,"comment_status":"closed","ping_status":"closed","template":"templates\/contact_form_7.php","meta":{"footnotes":""},"class_list":["post-6796","page","type-page","status-publish","hentry"],"yoast_head":"<!-- This site is optimized with the Yoast SEO plugin v27.3 - https:\/\/yoast.com\/product\/yoast-seo-wordpress\/ -->\n<title>Formulaire de contact - Gefinex<\/title>\n<meta name=\"robots\" content=\"index, follow, max-snippet:-1, max-image-preview:large, max-video-preview:-1\" \/>\n<link rel=\"canonical\" href=\"https:\/\/www.gefinex.com\/kontakt\/kontaktformular\/\" \/>\n<meta property=\"og:locale\" content=\"fr_FR\" \/>\n<meta property=\"og:type\" content=\"article\" \/>\n<meta property=\"og:title\" content=\"Formulaire de contact - Gefinex\" \/>\n<meta property=\"og:description\" content=\"Nous sommes impatients de vous entendre et nous r\u00e9pondrons \u00e0 vos pr\u00e9occupations dans les plus brefs d\u00e9lais.\" \/>\n<meta property=\"og:url\" content=\"https:\/\/www.gefinex.com\/kontakt\/kontaktformular\/\" \/>\n<meta property=\"og:site_name\" content=\"Gefinex\" \/>\n<meta property=\"article:modified_time\" content=\"2026-03-10T15:02:17+00:00\" \/>\n<meta name=\"twitter:card\" content=\"summary_large_image\" \/>\n<script type=\"application\/ld+json\" class=\"yoast-schema-graph\">{\"@context\":\"https:\\\/\\\/schema.org\",\"@graph\":[{\"@type\":\"WebPage\",\"@id\":\"https:\\\/\\\/www.gefinex.com\\\/kontakt\\\/kontaktformular\\\/\",\"url\":\"https:\\\/\\\/www.gefinex.com\\\/kontakt\\\/kontaktformular\\\/\",\"name\":\"Formulaire de contact - Gefinex\",\"isPartOf\":{\"@id\":\"https:\\\/\\\/www.gefinex.com\\\/#website\"},\"datePublished\":\"2021-12-03T10:04:25+00:00\",\"dateModified\":\"2026-03-10T15:02:17+00:00\",\"breadcrumb\":{\"@id\":\"https:\\\/\\\/www.gefinex.com\\\/kontakt\\\/kontaktformular\\\/#breadcrumb\"},\"inLanguage\":\"fr-FR\",\"potentialAction\":[{\"@type\":\"ReadAction\",\"target\":[\"https:\\\/\\\/www.gefinex.com\\\/kontakt\\\/kontaktformular\\\/\"]}]},{\"@type\":\"BreadcrumbList\",\"@id\":\"https:\\\/\\\/www.gefinex.com\\\/kontakt\\\/kontaktformular\\\/#breadcrumb\",\"itemListElement\":[{\"@type\":\"ListItem\",\"position\":1,\"name\":\"Home\",\"item\":\"https:\\\/\\\/www.gefinex.com\\\/fr\\\/\"},{\"@type\":\"ListItem\",\"position\":2,\"name\":\"Contact\",\"item\":\"https:\\\/\\\/www.gefinex.com\\\/kontakt\\\/\"},{\"@type\":\"ListItem\",\"position\":3,\"name\":\"Formulaire de contact\"}]},{\"@type\":\"WebSite\",\"@id\":\"https:\\\/\\\/www.gefinex.com\\\/#website\",\"url\":\"https:\\\/\\\/www.gefinex.com\\\/\",\"name\":\"Gefinex\",\"description\":\"\",\"potentialAction\":[{\"@type\":\"SearchAction\",\"target\":{\"@type\":\"EntryPoint\",\"urlTemplate\":\"https:\\\/\\\/www.gefinex.com\\\/?s={search_term_string}\"},\"query-input\":{\"@type\":\"PropertyValueSpecification\",\"valueRequired\":true,\"valueName\":\"search_term_string\"}}],\"inLanguage\":\"fr-FR\"}]}<\/script>\n<!-- \/ Yoast SEO plugin. -->","yoast_head_json":{"title":"Formulaire de contact - Gefinex","robots":{"index":"index","follow":"follow","max-snippet":"max-snippet:-1","max-image-preview":"max-image-preview:large","max-video-preview":"max-video-preview:-1"},"canonical":"https:\/\/www.gefinex.com\/kontakt\/kontaktformular\/","og_locale":"fr_FR","og_type":"article","og_title":"Formulaire de contact - Gefinex","og_description":"Nous sommes impatients de vous entendre et nous r\u00e9pondrons \u00e0 vos pr\u00e9occupations dans les plus brefs d\u00e9lais.","og_url":"https:\/\/www.gefinex.com\/kontakt\/kontaktformular\/","og_site_name":"Gefinex","article_modified_time":"2026-03-10T15:02:17+00:00","twitter_card":"summary_large_image","schema":{"@context":"https:\/\/schema.org","@graph":[{"@type":"WebPage","@id":"https:\/\/www.gefinex.com\/kontakt\/kontaktformular\/","url":"https:\/\/www.gefinex.com\/kontakt\/kontaktformular\/","name":"Formulaire de contact - Gefinex","isPartOf":{"@id":"https:\/\/www.gefinex.com\/#website"},"datePublished":"2021-12-03T10:04:25+00:00","dateModified":"2026-03-10T15:02:17+00:00","breadcrumb":{"@id":"https:\/\/www.gefinex.com\/kontakt\/kontaktformular\/#breadcrumb"},"inLanguage":"fr-FR","potentialAction":[{"@type":"ReadAction","target":["https:\/\/www.gefinex.com\/kontakt\/kontaktformular\/"]}]},{"@type":"BreadcrumbList","@id":"https:\/\/www.gefinex.com\/kontakt\/kontaktformular\/#breadcrumb","itemListElement":[{"@type":"ListItem","position":1,"name":"Home","item":"https:\/\/www.gefinex.com\/fr\/"},{"@type":"ListItem","position":2,"name":"Contact","item":"https:\/\/www.gefinex.com\/kontakt\/"},{"@type":"ListItem","position":3,"name":"Formulaire de contact"}]},{"@type":"WebSite","@id":"https:\/\/www.gefinex.com\/#website","url":"https:\/\/www.gefinex.com\/","name":"Gefinex","description":"","potentialAction":[{"@type":"SearchAction","target":{"@type":"EntryPoint","urlTemplate":"https:\/\/www.gefinex.com\/?s={search_term_string}"},"query-input":{"@type":"PropertyValueSpecification","valueRequired":true,"valueName":"search_term_string"}}],"inLanguage":"fr-FR"}]}},"_links":{"self":[{"href":"https:\/\/www.gefinex.com\/fr\/wp-json\/wp\/v2\/pages\/6796","targetHints":{"allow":["GET"]}}],"collection":[{"href":"https:\/\/www.gefinex.com\/fr\/wp-json\/wp\/v2\/pages"}],"about":[{"href":"https:\/\/www.gefinex.com\/fr\/wp-json\/wp\/v2\/types\/page"}],"author":[{"embeddable":true,"href":"https:\/\/www.gefinex.com\/fr\/wp-json\/wp\/v2\/users\/8"}],"replies":[{"embeddable":true,"href":"https:\/\/www.gefinex.com\/fr\/wp-json\/wp\/v2\/comments?post=6796"}],"version-history":[{"count":3,"href":"https:\/\/www.gefinex.com\/fr\/wp-json\/wp\/v2\/pages\/6796\/revisions"}],"predecessor-version":[{"id":7665,"href":"https:\/\/www.gefinex.com\/fr\/wp-json\/wp\/v2\/pages\/6796\/revisions\/7665"}],"up":[{"embeddable":true,"href":"https:\/\/www.gefinex.com\/fr\/wp-json\/wp\/v2\/pages\/6800"}],"wp:attachment":[{"href":"https:\/\/www.gefinex.com\/fr\/wp-json\/wp\/v2\/media?parent=6796"}],"curies":[{"name":"wp","href":"https:\/\/api.w.org\/{rel}","templated":true}]}}