{"id":6797,"date":"2021-12-03T08:19:36","date_gmt":"2021-12-03T08:19:36","guid":{"rendered":"https:\/\/www.gefinex.com\/demander-un-rendez-vous-de-conseil\/"},"modified":"2026-03-10T15:02:18","modified_gmt":"2026-03-10T15:02:18","slug":"demander-un-rendez-vous-de-conseil","status":"publish","type":"page","link":"https:\/\/www.gefinex.com\/fr\/demander-un-rendez-vous-de-conseil\/","title":{"rendered":"Demander un rendez-vous de consultation"},"content":{"rendered":"<p>Vous souhaitez discuter de votre projet de construction, demander des informations g\u00e9n\u00e9rales ou des \u00e9chantillons ? Notre \u00e9quipe vous aidera \u00e0 trouver la bonne m\u00e9thode d&rsquo;\u00e9tanch\u00e9it\u00e9, \u00e0 assembler les composants et, si vous le souhaitez, \u00e0 vous accompagner sur votre chantier.<\/p>\n","protected":false},"excerpt":{"rendered":"<p>Vous souhaitez discuter de votre projet de construction, demander des informations g\u00e9n\u00e9rales ou des \u00e9chantillons ? Notre \u00e9quipe vous aidera \u00e0 trouver la bonne m\u00e9thode d&rsquo;\u00e9tanch\u00e9it\u00e9, \u00e0 assembler les composants et, si vous le souhaitez, \u00e0 vous accompagner sur votre chantier.<\/p>\n","protected":false},"author":8,"featured_media":0,"parent":0,"menu_order":0,"comment_status":"closed","ping_status":"closed","template":"templates\/offer.php","meta":{"footnotes":""},"class_list":["post-6797","page","type-page","status-publish","hentry"],"yoast_head":"<!-- This site is optimized with the Yoast SEO plugin v27.3 - https:\/\/yoast.com\/product\/yoast-seo-wordpress\/ -->\n<title>Demander un rendez-vous de consultation - Gefinex<\/title>\n<meta name=\"robots\" content=\"index, follow, max-snippet:-1, max-image-preview:large, max-video-preview:-1\" \/>\n<link rel=\"canonical\" href=\"https:\/\/www.gefinex.com\/fr\/demander-un-rendez-vous-de-conseil\/\" \/>\n<meta property=\"og:locale\" content=\"fr_FR\" \/>\n<meta property=\"og:type\" content=\"article\" \/>\n<meta property=\"og:title\" content=\"Demander un rendez-vous de consultation - Gefinex\" \/>\n<meta property=\"og:description\" content=\"Vous souhaitez discuter de votre projet de construction, demander des informations g\u00e9n\u00e9rales ou des \u00e9chantillons ? Notre \u00e9quipe vous aidera \u00e0 trouver la bonne m\u00e9thode d&rsquo;\u00e9tanch\u00e9it\u00e9, \u00e0 assembler les composants et, si vous le souhaitez, \u00e0 vous accompagner sur votre chantier.\" \/>\n<meta property=\"og:url\" content=\"https:\/\/www.gefinex.com\/fr\/demander-un-rendez-vous-de-conseil\/\" \/>\n<meta property=\"og:site_name\" content=\"Gefinex\" \/>\n<meta property=\"article:modified_time\" content=\"2026-03-10T15:02:18+00:00\" \/>\n<meta name=\"twitter:card\" content=\"summary_large_image\" \/>\n<script type=\"application\/ld+json\" class=\"yoast-schema-graph\">{\"@context\":\"https:\\\/\\\/schema.org\",\"@graph\":[{\"@type\":\"WebPage\",\"@id\":\"https:\\\/\\\/www.gefinex.com\\\/fr\\\/demander-un-rendez-vous-de-conseil\\\/\",\"url\":\"https:\\\/\\\/www.gefinex.com\\\/fr\\\/demander-un-rendez-vous-de-conseil\\\/\",\"name\":\"Demander un rendez-vous de consultation - Gefinex\",\"isPartOf\":{\"@id\":\"https:\\\/\\\/www.gefinex.com\\\/#website\"},\"datePublished\":\"2021-12-03T08:19:36+00:00\",\"dateModified\":\"2026-03-10T15:02:18+00:00\",\"breadcrumb\":{\"@id\":\"https:\\\/\\\/www.gefinex.com\\\/fr\\\/demander-un-rendez-vous-de-conseil\\\/#breadcrumb\"},\"inLanguage\":\"fr-FR\",\"potentialAction\":[{\"@type\":\"ReadAction\",\"target\":[\"https:\\\/\\\/www.gefinex.com\\\/fr\\\/demander-un-rendez-vous-de-conseil\\\/\"]}]},{\"@type\":\"BreadcrumbList\",\"@id\":\"https:\\\/\\\/www.gefinex.com\\\/fr\\\/demander-un-rendez-vous-de-conseil\\\/#breadcrumb\",\"itemListElement\":[{\"@type\":\"ListItem\",\"position\":1,\"name\":\"Home\",\"item\":\"https:\\\/\\\/3.64.20.196\\\/fr\\\/\"},{\"@type\":\"ListItem\",\"position\":2,\"name\":\"Demander un rendez-vous de consultation\"}]},{\"@type\":\"WebSite\",\"@id\":\"https:\\\/\\\/www.gefinex.com\\\/#website\",\"url\":\"https:\\\/\\\/www.gefinex.com\\\/\",\"name\":\"Gefinex\",\"description\":\"\",\"potentialAction\":[{\"@type\":\"SearchAction\",\"target\":{\"@type\":\"EntryPoint\",\"urlTemplate\":\"https:\\\/\\\/www.gefinex.com\\\/?s={search_term_string}\"},\"query-input\":{\"@type\":\"PropertyValueSpecification\",\"valueRequired\":true,\"valueName\":\"search_term_string\"}}],\"inLanguage\":\"fr-FR\"}]}<\/script>\n<!-- \/ Yoast SEO plugin. -->","yoast_head_json":{"title":"Demander un rendez-vous de consultation - Gefinex","robots":{"index":"index","follow":"follow","max-snippet":"max-snippet:-1","max-image-preview":"max-image-preview:large","max-video-preview":"max-video-preview:-1"},"canonical":"https:\/\/www.gefinex.com\/fr\/demander-un-rendez-vous-de-conseil\/","og_locale":"fr_FR","og_type":"article","og_title":"Demander un rendez-vous de consultation - Gefinex","og_description":"Vous souhaitez discuter de votre projet de construction, demander des informations g\u00e9n\u00e9rales ou des \u00e9chantillons ? Notre \u00e9quipe vous aidera \u00e0 trouver la bonne m\u00e9thode d&rsquo;\u00e9tanch\u00e9it\u00e9, \u00e0 assembler les composants et, si vous le souhaitez, \u00e0 vous accompagner sur votre chantier.","og_url":"https:\/\/www.gefinex.com\/fr\/demander-un-rendez-vous-de-conseil\/","og_site_name":"Gefinex","article_modified_time":"2026-03-10T15:02:18+00:00","twitter_card":"summary_large_image","schema":{"@context":"https:\/\/schema.org","@graph":[{"@type":"WebPage","@id":"https:\/\/www.gefinex.com\/fr\/demander-un-rendez-vous-de-conseil\/","url":"https:\/\/www.gefinex.com\/fr\/demander-un-rendez-vous-de-conseil\/","name":"Demander un rendez-vous de consultation - Gefinex","isPartOf":{"@id":"https:\/\/www.gefinex.com\/#website"},"datePublished":"2021-12-03T08:19:36+00:00","dateModified":"2026-03-10T15:02:18+00:00","breadcrumb":{"@id":"https:\/\/www.gefinex.com\/fr\/demander-un-rendez-vous-de-conseil\/#breadcrumb"},"inLanguage":"fr-FR","potentialAction":[{"@type":"ReadAction","target":["https:\/\/www.gefinex.com\/fr\/demander-un-rendez-vous-de-conseil\/"]}]},{"@type":"BreadcrumbList","@id":"https:\/\/www.gefinex.com\/fr\/demander-un-rendez-vous-de-conseil\/#breadcrumb","itemListElement":[{"@type":"ListItem","position":1,"name":"Home","item":"https:\/\/3.64.20.196\/fr\/"},{"@type":"ListItem","position":2,"name":"Demander un rendez-vous de consultation"}]},{"@type":"WebSite","@id":"https:\/\/www.gefinex.com\/#website","url":"https:\/\/www.gefinex.com\/","name":"Gefinex","description":"","potentialAction":[{"@type":"SearchAction","target":{"@type":"EntryPoint","urlTemplate":"https:\/\/www.gefinex.com\/?s={search_term_string}"},"query-input":{"@type":"PropertyValueSpecification","valueRequired":true,"valueName":"search_term_string"}}],"inLanguage":"fr-FR"}]}},"_links":{"self":[{"href":"https:\/\/www.gefinex.com\/fr\/wp-json\/wp\/v2\/pages\/6797","targetHints":{"allow":["GET"]}}],"collection":[{"href":"https:\/\/www.gefinex.com\/fr\/wp-json\/wp\/v2\/pages"}],"about":[{"href":"https:\/\/www.gefinex.com\/fr\/wp-json\/wp\/v2\/types\/page"}],"author":[{"embeddable":true,"href":"https:\/\/www.gefinex.com\/fr\/wp-json\/wp\/v2\/users\/8"}],"replies":[{"embeddable":true,"href":"https:\/\/www.gefinex.com\/fr\/wp-json\/wp\/v2\/comments?post=6797"}],"version-history":[{"count":2,"href":"https:\/\/www.gefinex.com\/fr\/wp-json\/wp\/v2\/pages\/6797\/revisions"}],"predecessor-version":[{"id":7666,"href":"https:\/\/www.gefinex.com\/fr\/wp-json\/wp\/v2\/pages\/6797\/revisions\/7666"}],"wp:attachment":[{"href":"https:\/\/www.gefinex.com\/fr\/wp-json\/wp\/v2\/media?parent=6797"}],"curies":[{"name":"wp","href":"https:\/\/api.w.org\/{rel}","templated":true}]}}