{"id":6798,"date":"2021-12-03T07:59:08","date_gmt":"2021-12-03T07:59:08","guid":{"rendered":"https:\/\/www.gefinex.com\/emplois-carriere\/"},"modified":"2026-03-10T15:02:18","modified_gmt":"2026-03-10T15:02:18","slug":"emplois-carriere","status":"publish","type":"page","link":"https:\/\/www.gefinex.com\/fr\/emplois-carriere\/","title":{"rendered":"Emplois et carri\u00e8res"},"content":{"rendered":"","protected":false},"excerpt":{"rendered":"","protected":false},"author":8,"featured_media":6799,"parent":0,"menu_order":0,"comment_status":"closed","ping_status":"closed","template":"templates\/repeater_template.php","meta":{"footnotes":""},"class_list":["post-6798","page","type-page","status-publish","hentry"],"yoast_head":"<!-- This site is optimized with the Yoast SEO plugin v27.3 - https:\/\/yoast.com\/product\/yoast-seo-wordpress\/ -->\n<title>Emplois et carri\u00e8res - Gefinex<\/title>\n<meta name=\"description\" content=\"\u00cates-vous \u00e0 la recherche d&#039;un nouveau d\u00e9fi? D\u00e9couvrez ici les offres d&#039;emploi actuelles et les opportunit\u00e9s de carri\u00e8re dans notre entreprise.\" \/>\n<meta name=\"robots\" content=\"index, follow, max-snippet:-1, max-image-preview:large, max-video-preview:-1\" \/>\n<link rel=\"canonical\" href=\"https:\/\/www.gefinex.com\/fr\/emplois-carriere\/\" \/>\n<meta property=\"og:locale\" content=\"fr_FR\" \/>\n<meta property=\"og:type\" content=\"article\" \/>\n<meta property=\"og:title\" content=\"Emplois et carri\u00e8res - Gefinex\" \/>\n<meta property=\"og:description\" content=\"\u00cates-vous \u00e0 la recherche d&#039;un nouveau d\u00e9fi? D\u00e9couvrez ici les offres d&#039;emploi actuelles et les opportunit\u00e9s de carri\u00e8re dans notre entreprise.\" \/>\n<meta property=\"og:url\" content=\"https:\/\/www.gefinex.com\/fr\/emplois-carriere\/\" \/>\n<meta property=\"og:site_name\" content=\"Gefinex\" \/>\n<meta property=\"article:modified_time\" content=\"2026-03-10T15:02:18+00:00\" \/>\n<meta property=\"og:image\" content=\"https:\/\/www.gefinex.com\/wp-content\/uploads\/2023\/08\/FMP9773-Bearbeitet-2.jpg\" \/>\n\t<meta property=\"og:image:width\" content=\"1000\" \/>\n\t<meta property=\"og:image:height\" content=\"1000\" \/>\n\t<meta property=\"og:image:type\" content=\"image\/jpeg\" \/>\n<meta name=\"twitter:card\" content=\"summary_large_image\" \/>\n<script type=\"application\/ld+json\" class=\"yoast-schema-graph\">{\"@context\":\"https:\\\/\\\/schema.org\",\"@graph\":[{\"@type\":\"WebPage\",\"@id\":\"https:\\\/\\\/www.gefinex.com\\\/fr\\\/emplois-carriere\\\/\",\"url\":\"https:\\\/\\\/www.gefinex.com\\\/fr\\\/emplois-carriere\\\/\",\"name\":\"Emplois et carri\u00e8res - Gefinex\",\"isPartOf\":{\"@id\":\"https:\\\/\\\/www.gefinex.com\\\/#website\"},\"primaryImageOfPage\":{\"@id\":\"https:\\\/\\\/www.gefinex.com\\\/fr\\\/emplois-carriere\\\/#primaryimage\"},\"image\":{\"@id\":\"https:\\\/\\\/www.gefinex.com\\\/fr\\\/emplois-carriere\\\/#primaryimage\"},\"thumbnailUrl\":\"https:\\\/\\\/www.gefinex.com\\\/wp-content\\\/uploads\\\/2023\\\/08\\\/FMP9773-Bearbeitet-2.jpg\",\"datePublished\":\"2021-12-03T07:59:08+00:00\",\"dateModified\":\"2026-03-10T15:02:18+00:00\",\"description\":\"\u00cates-vous \u00e0 la recherche d'un nouveau d\u00e9fi? D\u00e9couvrez ici les offres d'emploi actuelles et les opportunit\u00e9s de carri\u00e8re dans notre entreprise.\",\"breadcrumb\":{\"@id\":\"https:\\\/\\\/www.gefinex.com\\\/fr\\\/emplois-carriere\\\/#breadcrumb\"},\"inLanguage\":\"fr-FR\",\"potentialAction\":[{\"@type\":\"ReadAction\",\"target\":[\"https:\\\/\\\/www.gefinex.com\\\/fr\\\/emplois-carriere\\\/\"]}]},{\"@type\":\"ImageObject\",\"inLanguage\":\"fr-FR\",\"@id\":\"https:\\\/\\\/www.gefinex.com\\\/fr\\\/emplois-carriere\\\/#primaryimage\",\"url\":\"https:\\\/\\\/www.gefinex.com\\\/wp-content\\\/uploads\\\/2023\\\/08\\\/FMP9773-Bearbeitet-2.jpg\",\"contentUrl\":\"https:\\\/\\\/www.gefinex.com\\\/wp-content\\\/uploads\\\/2023\\\/08\\\/FMP9773-Bearbeitet-2.jpg\",\"width\":1000,\"height\":1000},{\"@type\":\"BreadcrumbList\",\"@id\":\"https:\\\/\\\/www.gefinex.com\\\/fr\\\/emplois-carriere\\\/#breadcrumb\",\"itemListElement\":[{\"@type\":\"ListItem\",\"position\":1,\"name\":\"Home\",\"item\":\"https:\\\/\\\/3.64.20.196\\\/fr\\\/\"},{\"@type\":\"ListItem\",\"position\":2,\"name\":\"Emplois et carri\u00e8res\"}]},{\"@type\":\"WebSite\",\"@id\":\"https:\\\/\\\/www.gefinex.com\\\/#website\",\"url\":\"https:\\\/\\\/www.gefinex.com\\\/\",\"name\":\"Gefinex\",\"description\":\"\",\"potentialAction\":[{\"@type\":\"SearchAction\",\"target\":{\"@type\":\"EntryPoint\",\"urlTemplate\":\"https:\\\/\\\/www.gefinex.com\\\/?s={search_term_string}\"},\"query-input\":{\"@type\":\"PropertyValueSpecification\",\"valueRequired\":true,\"valueName\":\"search_term_string\"}}],\"inLanguage\":\"fr-FR\"}]}<\/script>\n<!-- \/ Yoast SEO plugin. -->","yoast_head_json":{"title":"Emplois et carri\u00e8res - Gefinex","description":"\u00cates-vous \u00e0 la recherche d'un nouveau d\u00e9fi? D\u00e9couvrez ici les offres d'emploi actuelles et les opportunit\u00e9s de carri\u00e8re dans notre entreprise.","robots":{"index":"index","follow":"follow","max-snippet":"max-snippet:-1","max-image-preview":"max-image-preview:large","max-video-preview":"max-video-preview:-1"},"canonical":"https:\/\/www.gefinex.com\/fr\/emplois-carriere\/","og_locale":"fr_FR","og_type":"article","og_title":"Emplois et carri\u00e8res - Gefinex","og_description":"\u00cates-vous \u00e0 la recherche d'un nouveau d\u00e9fi? D\u00e9couvrez ici les offres d'emploi actuelles et les opportunit\u00e9s de carri\u00e8re dans notre entreprise.","og_url":"https:\/\/www.gefinex.com\/fr\/emplois-carriere\/","og_site_name":"Gefinex","article_modified_time":"2026-03-10T15:02:18+00:00","og_image":[{"width":1000,"height":1000,"url":"https:\/\/www.gefinex.com\/wp-content\/uploads\/2023\/08\/FMP9773-Bearbeitet-2.jpg","type":"image\/jpeg"}],"twitter_card":"summary_large_image","schema":{"@context":"https:\/\/schema.org","@graph":[{"@type":"WebPage","@id":"https:\/\/www.gefinex.com\/fr\/emplois-carriere\/","url":"https:\/\/www.gefinex.com\/fr\/emplois-carriere\/","name":"Emplois et carri\u00e8res - Gefinex","isPartOf":{"@id":"https:\/\/www.gefinex.com\/#website"},"primaryImageOfPage":{"@id":"https:\/\/www.gefinex.com\/fr\/emplois-carriere\/#primaryimage"},"image":{"@id":"https:\/\/www.gefinex.com\/fr\/emplois-carriere\/#primaryimage"},"thumbnailUrl":"https:\/\/www.gefinex.com\/wp-content\/uploads\/2023\/08\/FMP9773-Bearbeitet-2.jpg","datePublished":"2021-12-03T07:59:08+00:00","dateModified":"2026-03-10T15:02:18+00:00","description":"\u00cates-vous \u00e0 la recherche d'un nouveau d\u00e9fi? D\u00e9couvrez ici les offres d'emploi actuelles et les opportunit\u00e9s de carri\u00e8re dans notre entreprise.","breadcrumb":{"@id":"https:\/\/www.gefinex.com\/fr\/emplois-carriere\/#breadcrumb"},"inLanguage":"fr-FR","potentialAction":[{"@type":"ReadAction","target":["https:\/\/www.gefinex.com\/fr\/emplois-carriere\/"]}]},{"@type":"ImageObject","inLanguage":"fr-FR","@id":"https:\/\/www.gefinex.com\/fr\/emplois-carriere\/#primaryimage","url":"https:\/\/www.gefinex.com\/wp-content\/uploads\/2023\/08\/FMP9773-Bearbeitet-2.jpg","contentUrl":"https:\/\/www.gefinex.com\/wp-content\/uploads\/2023\/08\/FMP9773-Bearbeitet-2.jpg","width":1000,"height":1000},{"@type":"BreadcrumbList","@id":"https:\/\/www.gefinex.com\/fr\/emplois-carriere\/#breadcrumb","itemListElement":[{"@type":"ListItem","position":1,"name":"Home","item":"https:\/\/3.64.20.196\/fr\/"},{"@type":"ListItem","position":2,"name":"Emplois et carri\u00e8res"}]},{"@type":"WebSite","@id":"https:\/\/www.gefinex.com\/#website","url":"https:\/\/www.gefinex.com\/","name":"Gefinex","description":"","potentialAction":[{"@type":"SearchAction","target":{"@type":"EntryPoint","urlTemplate":"https:\/\/www.gefinex.com\/?s={search_term_string}"},"query-input":{"@type":"PropertyValueSpecification","valueRequired":true,"valueName":"search_term_string"}}],"inLanguage":"fr-FR"}]}},"_links":{"self":[{"href":"https:\/\/www.gefinex.com\/fr\/wp-json\/wp\/v2\/pages\/6798","targetHints":{"allow":["GET"]}}],"collection":[{"href":"https:\/\/www.gefinex.com\/fr\/wp-json\/wp\/v2\/pages"}],"about":[{"href":"https:\/\/www.gefinex.com\/fr\/wp-json\/wp\/v2\/types\/page"}],"author":[{"embeddable":true,"href":"https:\/\/www.gefinex.com\/fr\/wp-json\/wp\/v2\/users\/8"}],"replies":[{"embeddable":true,"href":"https:\/\/www.gefinex.com\/fr\/wp-json\/wp\/v2\/comments?post=6798"}],"version-history":[{"count":2,"href":"https:\/\/www.gefinex.com\/fr\/wp-json\/wp\/v2\/pages\/6798\/revisions"}],"predecessor-version":[{"id":7667,"href":"https:\/\/www.gefinex.com\/fr\/wp-json\/wp\/v2\/pages\/6798\/revisions\/7667"}],"wp:featuredmedia":[{"embeddable":true,"href":"https:\/\/www.gefinex.com\/fr\/wp-json\/wp\/v2\/media\/6799"}],"wp:attachment":[{"href":"https:\/\/www.gefinex.com\/fr\/wp-json\/wp\/v2\/media?parent=6798"}],"curies":[{"name":"wp","href":"https:\/\/api.w.org\/{rel}","templated":true}]}}