{"id":6800,"date":"2021-12-02T13:08:58","date_gmt":"2021-12-02T13:08:58","guid":{"rendered":"https:\/\/www.gefinex.com\/contact\/"},"modified":"2026-03-10T15:02:18","modified_gmt":"2026-03-10T15:02:18","slug":"contact","status":"publish","type":"page","link":"https:\/\/www.gefinex.com\/fr\/contact\/","title":{"rendered":"Contact"},"content":{"rendered":"<p>Vous avez des questions, des suggestions ou vous souhaitez des informations ? Nous serons heureux de vous aider avec des conseils et de l&rsquo;assistance !<\/p>\n<p>&nbsp;<\/p>\n<p>&nbsp;<\/p>\n","protected":false},"excerpt":{"rendered":"<p>Vous avez des questions, des suggestions ou vous souhaitez des informations ? Nous serons heureux de vous aider avec des conseils et de l&rsquo;assistance ! &nbsp; &nbsp;<\/p>\n","protected":false},"author":8,"featured_media":6803,"parent":0,"menu_order":0,"comment_status":"closed","ping_status":"closed","template":"templates\/kontakt.php","meta":{"footnotes":""},"class_list":["post-6800","page","type-page","status-publish","hentry"],"yoast_head":"<!-- This site is optimized with the Yoast SEO plugin v27.3 - https:\/\/yoast.com\/product\/yoast-seo-wordpress\/ -->\n<title>Contacter Gefinex<\/title>\n<meta name=\"description\" content=\"Voulez-vous planifier rapidement et efficacement? Notre messager de questions de construction aide les experts du secteur de la construction \u00e0 nous contacter rapidement et \u00e0 clarifier leurs questions sur nos produits. Directives, r\u00e9glementations ou exigences de construction complexes \u2013 nous pouvons vous aider !\" \/>\n<meta name=\"robots\" content=\"index, follow, max-snippet:-1, max-image-preview:large, max-video-preview:-1\" \/>\n<link rel=\"canonical\" href=\"https:\/\/www.gefinex.com\/fr\/contact\/\" \/>\n<meta property=\"og:locale\" content=\"fr_FR\" \/>\n<meta property=\"og:type\" content=\"article\" \/>\n<meta property=\"og:title\" content=\"Contacter Gefinex\" \/>\n<meta property=\"og:description\" content=\"Voulez-vous planifier rapidement et efficacement? Notre messager de questions de construction aide les experts du secteur de la construction \u00e0 nous contacter rapidement et \u00e0 clarifier leurs questions sur nos produits. Directives, r\u00e9glementations ou exigences de construction complexes \u2013 nous pouvons vous aider !\" \/>\n<meta property=\"og:url\" content=\"https:\/\/www.gefinex.com\/fr\/contact\/\" \/>\n<meta property=\"og:site_name\" content=\"Gefinex\" \/>\n<meta property=\"article:modified_time\" content=\"2026-03-10T15:02:18+00:00\" \/>\n<meta property=\"og:image\" content=\"https:\/\/www.gefinex.com\/wp-content\/uploads\/2023\/08\/pexels-pixabay-209663.jpg\" \/>\n\t<meta property=\"og:image:width\" content=\"3780\" \/>\n\t<meta property=\"og:image:height\" content=\"2263\" \/>\n\t<meta property=\"og:image:type\" content=\"image\/jpeg\" \/>\n<meta name=\"twitter:card\" content=\"summary_large_image\" \/>\n<script type=\"application\/ld+json\" class=\"yoast-schema-graph\">{\"@context\":\"https:\\\/\\\/schema.org\",\"@graph\":[{\"@type\":\"WebPage\",\"@id\":\"https:\\\/\\\/www.gefinex.com\\\/fr\\\/contact\\\/\",\"url\":\"https:\\\/\\\/www.gefinex.com\\\/fr\\\/contact\\\/\",\"name\":\"Contacter Gefinex\",\"isPartOf\":{\"@id\":\"https:\\\/\\\/www.gefinex.com\\\/#website\"},\"primaryImageOfPage\":{\"@id\":\"https:\\\/\\\/www.gefinex.com\\\/fr\\\/contact\\\/#primaryimage\"},\"image\":{\"@id\":\"https:\\\/\\\/www.gefinex.com\\\/fr\\\/contact\\\/#primaryimage\"},\"thumbnailUrl\":\"https:\\\/\\\/www.gefinex.com\\\/wp-content\\\/uploads\\\/2023\\\/08\\\/pexels-pixabay-209663.jpg\",\"datePublished\":\"2021-12-02T13:08:58+00:00\",\"dateModified\":\"2026-03-10T15:02:18+00:00\",\"description\":\"Voulez-vous planifier rapidement et efficacement? Notre messager de questions de construction aide les experts du secteur de la construction \u00e0 nous contacter rapidement et \u00e0 clarifier leurs questions sur nos produits. Directives, r\u00e9glementations ou exigences de construction complexes \u2013 nous pouvons vous aider !\",\"breadcrumb\":{\"@id\":\"https:\\\/\\\/www.gefinex.com\\\/fr\\\/contact\\\/#breadcrumb\"},\"inLanguage\":\"fr-FR\",\"potentialAction\":[{\"@type\":\"ReadAction\",\"target\":[\"https:\\\/\\\/www.gefinex.com\\\/fr\\\/contact\\\/\"]}]},{\"@type\":\"ImageObject\",\"inLanguage\":\"fr-FR\",\"@id\":\"https:\\\/\\\/www.gefinex.com\\\/fr\\\/contact\\\/#primaryimage\",\"url\":\"https:\\\/\\\/www.gefinex.com\\\/wp-content\\\/uploads\\\/2023\\\/08\\\/pexels-pixabay-209663.jpg\",\"contentUrl\":\"https:\\\/\\\/www.gefinex.com\\\/wp-content\\\/uploads\\\/2023\\\/08\\\/pexels-pixabay-209663.jpg\",\"width\":3780,\"height\":2263},{\"@type\":\"BreadcrumbList\",\"@id\":\"https:\\\/\\\/www.gefinex.com\\\/fr\\\/contact\\\/#breadcrumb\",\"itemListElement\":[{\"@type\":\"ListItem\",\"position\":1,\"name\":\"Home\",\"item\":\"https:\\\/\\\/3.64.20.196\\\/fr\\\/\"},{\"@type\":\"ListItem\",\"position\":2,\"name\":\"Contact\"}]},{\"@type\":\"WebSite\",\"@id\":\"https:\\\/\\\/www.gefinex.com\\\/#website\",\"url\":\"https:\\\/\\\/www.gefinex.com\\\/\",\"name\":\"Gefinex\",\"description\":\"\",\"potentialAction\":[{\"@type\":\"SearchAction\",\"target\":{\"@type\":\"EntryPoint\",\"urlTemplate\":\"https:\\\/\\\/www.gefinex.com\\\/?s={search_term_string}\"},\"query-input\":{\"@type\":\"PropertyValueSpecification\",\"valueRequired\":true,\"valueName\":\"search_term_string\"}}],\"inLanguage\":\"fr-FR\"}]}<\/script>\n<!-- \/ Yoast SEO plugin. -->","yoast_head_json":{"title":"Contacter Gefinex","description":"Voulez-vous planifier rapidement et efficacement? Notre messager de questions de construction aide les experts du secteur de la construction \u00e0 nous contacter rapidement et \u00e0 clarifier leurs questions sur nos produits. Directives, r\u00e9glementations ou exigences de construction complexes \u2013 nous pouvons vous aider !","robots":{"index":"index","follow":"follow","max-snippet":"max-snippet:-1","max-image-preview":"max-image-preview:large","max-video-preview":"max-video-preview:-1"},"canonical":"https:\/\/www.gefinex.com\/fr\/contact\/","og_locale":"fr_FR","og_type":"article","og_title":"Contacter Gefinex","og_description":"Voulez-vous planifier rapidement et efficacement? Notre messager de questions de construction aide les experts du secteur de la construction \u00e0 nous contacter rapidement et \u00e0 clarifier leurs questions sur nos produits. Directives, r\u00e9glementations ou exigences de construction complexes \u2013 nous pouvons vous aider !","og_url":"https:\/\/www.gefinex.com\/fr\/contact\/","og_site_name":"Gefinex","article_modified_time":"2026-03-10T15:02:18+00:00","og_image":[{"width":3780,"height":2263,"url":"https:\/\/www.gefinex.com\/wp-content\/uploads\/2023\/08\/pexels-pixabay-209663.jpg","type":"image\/jpeg"}],"twitter_card":"summary_large_image","schema":{"@context":"https:\/\/schema.org","@graph":[{"@type":"WebPage","@id":"https:\/\/www.gefinex.com\/fr\/contact\/","url":"https:\/\/www.gefinex.com\/fr\/contact\/","name":"Contacter Gefinex","isPartOf":{"@id":"https:\/\/www.gefinex.com\/#website"},"primaryImageOfPage":{"@id":"https:\/\/www.gefinex.com\/fr\/contact\/#primaryimage"},"image":{"@id":"https:\/\/www.gefinex.com\/fr\/contact\/#primaryimage"},"thumbnailUrl":"https:\/\/www.gefinex.com\/wp-content\/uploads\/2023\/08\/pexels-pixabay-209663.jpg","datePublished":"2021-12-02T13:08:58+00:00","dateModified":"2026-03-10T15:02:18+00:00","description":"Voulez-vous planifier rapidement et efficacement? Notre messager de questions de construction aide les experts du secteur de la construction \u00e0 nous contacter rapidement et \u00e0 clarifier leurs questions sur nos produits. Directives, r\u00e9glementations ou exigences de construction complexes \u2013 nous pouvons vous aider !","breadcrumb":{"@id":"https:\/\/www.gefinex.com\/fr\/contact\/#breadcrumb"},"inLanguage":"fr-FR","potentialAction":[{"@type":"ReadAction","target":["https:\/\/www.gefinex.com\/fr\/contact\/"]}]},{"@type":"ImageObject","inLanguage":"fr-FR","@id":"https:\/\/www.gefinex.com\/fr\/contact\/#primaryimage","url":"https:\/\/www.gefinex.com\/wp-content\/uploads\/2023\/08\/pexels-pixabay-209663.jpg","contentUrl":"https:\/\/www.gefinex.com\/wp-content\/uploads\/2023\/08\/pexels-pixabay-209663.jpg","width":3780,"height":2263},{"@type":"BreadcrumbList","@id":"https:\/\/www.gefinex.com\/fr\/contact\/#breadcrumb","itemListElement":[{"@type":"ListItem","position":1,"name":"Home","item":"https:\/\/3.64.20.196\/fr\/"},{"@type":"ListItem","position":2,"name":"Contact"}]},{"@type":"WebSite","@id":"https:\/\/www.gefinex.com\/#website","url":"https:\/\/www.gefinex.com\/","name":"Gefinex","description":"","potentialAction":[{"@type":"SearchAction","target":{"@type":"EntryPoint","urlTemplate":"https:\/\/www.gefinex.com\/?s={search_term_string}"},"query-input":{"@type":"PropertyValueSpecification","valueRequired":true,"valueName":"search_term_string"}}],"inLanguage":"fr-FR"}]}},"_links":{"self":[{"href":"https:\/\/www.gefinex.com\/fr\/wp-json\/wp\/v2\/pages\/6800","targetHints":{"allow":["GET"]}}],"collection":[{"href":"https:\/\/www.gefinex.com\/fr\/wp-json\/wp\/v2\/pages"}],"about":[{"href":"https:\/\/www.gefinex.com\/fr\/wp-json\/wp\/v2\/types\/page"}],"author":[{"embeddable":true,"href":"https:\/\/www.gefinex.com\/fr\/wp-json\/wp\/v2\/users\/8"}],"replies":[{"embeddable":true,"href":"https:\/\/www.gefinex.com\/fr\/wp-json\/wp\/v2\/comments?post=6800"}],"version-history":[{"count":2,"href":"https:\/\/www.gefinex.com\/fr\/wp-json\/wp\/v2\/pages\/6800\/revisions"}],"predecessor-version":[{"id":7668,"href":"https:\/\/www.gefinex.com\/fr\/wp-json\/wp\/v2\/pages\/6800\/revisions\/7668"}],"wp:featuredmedia":[{"embeddable":true,"href":"https:\/\/www.gefinex.com\/fr\/wp-json\/wp\/v2\/media\/6803"}],"wp:attachment":[{"href":"https:\/\/www.gefinex.com\/fr\/wp-json\/wp\/v2\/media?parent=6800"}],"curies":[{"name":"wp","href":"https:\/\/api.w.org\/{rel}","templated":true}]}}