{"id":6809,"date":"2021-12-02T11:59:55","date_gmt":"2021-12-02T11:59:55","guid":{"rendered":"https:\/\/www.gefinex.com\/mentions-legales\/"},"modified":"2026-03-10T15:02:18","modified_gmt":"2026-03-10T15:02:18","slug":"mentions-legales","status":"publish","type":"page","link":"https:\/\/www.gefinex.com\/fr\/mentions-legales\/","title":{"rendered":"imprimer"},"content":{"rendered":"<p>Gefinex GmbH<br \/>\nJakobsdorfer Str. 1<br \/>\nD-16928 Pritzwalk<\/p>\n<p><strong>Repr\u00e9sent\u00e9 par :<\/strong><br \/>\nMme Ute Steinbacher<br \/>\nM. Roland Hebbel<\/p>\n<p><strong>Contact:<\/strong><br \/>\nT\u00e9l\u00e9phone : +49 (0) 3395 752 2100<br \/>\nT\u00e9l\u00e9copie : +49 (0) 3395 752 2199<br \/>\nE-Mail: info@gefinex.com<\/p>\n<p><strong>Inscription au registre\u00a0:<\/strong><br \/>\nInscription au registre du commerce.<br \/>\nTribunal d&rsquo;enregistrement : tribunal d&rsquo;enregistrement de Neuruppin<br \/>\nNum\u00e9ro d&rsquo;enregistrement : HRB 11829 NP<\/p>\n<p><strong>Taxe de vente\u00a0:<\/strong><br \/>\nNum\u00e9ro d&rsquo;identification fiscale selon \u00a727 a<\/p>\n<p><strong>Loi sur la taxe de vente\u00a0:<\/strong><br \/>\nDE231055647<\/p>\n<p><strong>Num\u00e9ro fiscal\u00a0:<\/strong><br \/>\n052\/109\/02874<\/p>\n<p><strong>Coordonn\u00e9es bancaires :<\/strong><br \/>\nBanque pour le Tyrol et le Vorarlberg Aktiengesellschaft<br \/>\nSuccursale allemande<br \/>\nIBAN : DE93 7201 2300 0697 2845 00<br \/>\nBIC\u00a0:\u00a0BTVADE61XXX<\/p>\n<p><strong>R\u00e9solution des litiges\u00a0:<\/strong><br \/>\nNous ne sommes ni dispos\u00e9s ni oblig\u00e9s de participer \u00e0 une proc\u00e9dure de r\u00e8glement des litiges devant un conseil d&rsquo;arbitrage des consommateurs.<\/p>\n","protected":false},"excerpt":{"rendered":"<p>Gefinex GmbH Jakobsdorfer Str. 1 D-16928 Pritzwalk Repr\u00e9sent\u00e9 par : Mme Ute Steinbacher M. Roland Hebbel Contact: T\u00e9l\u00e9phone : +49 (0) 3395 752 2100 T\u00e9l\u00e9copie : +49 (0) 3395 752 2199 E-Mail: info@gefinex.com Inscription au registre\u00a0: Inscription au registre du commerce. Tribunal d&rsquo;enregistrement : tribunal d&rsquo;enregistrement de Neuruppin Num\u00e9ro d&rsquo;enregistrement : HRB 11829 NP Taxe [&hellip;]<\/p>\n","protected":false},"author":8,"featured_media":0,"parent":0,"menu_order":0,"comment_status":"closed","ping_status":"closed","template":"","meta":{"footnotes":""},"class_list":["post-6809","page","type-page","status-publish","hentry"],"yoast_head":"<!-- This site is optimized with the Yoast SEO plugin v27.3 - https:\/\/yoast.com\/product\/yoast-seo-wordpress\/ -->\n<title>imprimer - Gefinex<\/title>\n<meta name=\"description\" content=\"Vous trouverez ici nos mentions l\u00e9gales avec toutes les informations importantes sur l&#039;identification du fournisseur, les contacts et les informations juridiques.\" \/>\n<meta name=\"robots\" content=\"index, follow, max-snippet:-1, max-image-preview:large, max-video-preview:-1\" \/>\n<link rel=\"canonical\" href=\"https:\/\/www.gefinex.com\/fr\/mentions-legales\/\" \/>\n<meta property=\"og:locale\" content=\"fr_FR\" \/>\n<meta property=\"og:type\" content=\"article\" \/>\n<meta property=\"og:title\" content=\"imprimer - Gefinex\" \/>\n<meta property=\"og:description\" content=\"Vous trouverez ici nos mentions l\u00e9gales avec toutes les informations importantes sur l&#039;identification du fournisseur, les contacts et les informations juridiques.\" \/>\n<meta property=\"og:url\" content=\"https:\/\/www.gefinex.com\/fr\/mentions-legales\/\" \/>\n<meta property=\"og:site_name\" content=\"Gefinex\" \/>\n<meta property=\"article:modified_time\" content=\"2026-03-10T15:02:18+00:00\" \/>\n<meta name=\"twitter:card\" content=\"summary_large_image\" \/>\n<meta name=\"twitter:label1\" content=\"Dur\u00e9e de lecture estim\u00e9e\" \/>\n\t<meta name=\"twitter:data1\" content=\"1 minute\" \/>\n<script type=\"application\/ld+json\" class=\"yoast-schema-graph\">{\"@context\":\"https:\\\/\\\/schema.org\",\"@graph\":[{\"@type\":\"WebPage\",\"@id\":\"https:\\\/\\\/www.gefinex.com\\\/fr\\\/mentions-legales\\\/\",\"url\":\"https:\\\/\\\/www.gefinex.com\\\/fr\\\/mentions-legales\\\/\",\"name\":\"imprimer - Gefinex\",\"isPartOf\":{\"@id\":\"https:\\\/\\\/www.gefinex.com\\\/#website\"},\"datePublished\":\"2021-12-02T11:59:55+00:00\",\"dateModified\":\"2026-03-10T15:02:18+00:00\",\"description\":\"Vous trouverez ici nos mentions l\u00e9gales avec toutes les informations importantes sur l'identification du fournisseur, les contacts et les informations juridiques.\",\"breadcrumb\":{\"@id\":\"https:\\\/\\\/www.gefinex.com\\\/fr\\\/mentions-legales\\\/#breadcrumb\"},\"inLanguage\":\"fr-FR\",\"potentialAction\":[{\"@type\":\"ReadAction\",\"target\":[\"https:\\\/\\\/www.gefinex.com\\\/fr\\\/mentions-legales\\\/\"]}]},{\"@type\":\"BreadcrumbList\",\"@id\":\"https:\\\/\\\/www.gefinex.com\\\/fr\\\/mentions-legales\\\/#breadcrumb\",\"itemListElement\":[{\"@type\":\"ListItem\",\"position\":1,\"name\":\"Home\",\"item\":\"https:\\\/\\\/3.64.20.196\\\/fr\\\/\"},{\"@type\":\"ListItem\",\"position\":2,\"name\":\"imprimer\"}]},{\"@type\":\"WebSite\",\"@id\":\"https:\\\/\\\/www.gefinex.com\\\/#website\",\"url\":\"https:\\\/\\\/www.gefinex.com\\\/\",\"name\":\"Gefinex\",\"description\":\"\",\"potentialAction\":[{\"@type\":\"SearchAction\",\"target\":{\"@type\":\"EntryPoint\",\"urlTemplate\":\"https:\\\/\\\/www.gefinex.com\\\/?s={search_term_string}\"},\"query-input\":{\"@type\":\"PropertyValueSpecification\",\"valueRequired\":true,\"valueName\":\"search_term_string\"}}],\"inLanguage\":\"fr-FR\"}]}<\/script>\n<!-- \/ Yoast SEO plugin. -->","yoast_head_json":{"title":"imprimer - Gefinex","description":"Vous trouverez ici nos mentions l\u00e9gales avec toutes les informations importantes sur l'identification du fournisseur, les contacts et les informations juridiques.","robots":{"index":"index","follow":"follow","max-snippet":"max-snippet:-1","max-image-preview":"max-image-preview:large","max-video-preview":"max-video-preview:-1"},"canonical":"https:\/\/www.gefinex.com\/fr\/mentions-legales\/","og_locale":"fr_FR","og_type":"article","og_title":"imprimer - Gefinex","og_description":"Vous trouverez ici nos mentions l\u00e9gales avec toutes les informations importantes sur l'identification du fournisseur, les contacts et les informations juridiques.","og_url":"https:\/\/www.gefinex.com\/fr\/mentions-legales\/","og_site_name":"Gefinex","article_modified_time":"2026-03-10T15:02:18+00:00","twitter_card":"summary_large_image","twitter_misc":{"Dur\u00e9e de lecture estim\u00e9e":"1 minute"},"schema":{"@context":"https:\/\/schema.org","@graph":[{"@type":"WebPage","@id":"https:\/\/www.gefinex.com\/fr\/mentions-legales\/","url":"https:\/\/www.gefinex.com\/fr\/mentions-legales\/","name":"imprimer - Gefinex","isPartOf":{"@id":"https:\/\/www.gefinex.com\/#website"},"datePublished":"2021-12-02T11:59:55+00:00","dateModified":"2026-03-10T15:02:18+00:00","description":"Vous trouverez ici nos mentions l\u00e9gales avec toutes les informations importantes sur l'identification du fournisseur, les contacts et les informations juridiques.","breadcrumb":{"@id":"https:\/\/www.gefinex.com\/fr\/mentions-legales\/#breadcrumb"},"inLanguage":"fr-FR","potentialAction":[{"@type":"ReadAction","target":["https:\/\/www.gefinex.com\/fr\/mentions-legales\/"]}]},{"@type":"BreadcrumbList","@id":"https:\/\/www.gefinex.com\/fr\/mentions-legales\/#breadcrumb","itemListElement":[{"@type":"ListItem","position":1,"name":"Home","item":"https:\/\/3.64.20.196\/fr\/"},{"@type":"ListItem","position":2,"name":"imprimer"}]},{"@type":"WebSite","@id":"https:\/\/www.gefinex.com\/#website","url":"https:\/\/www.gefinex.com\/","name":"Gefinex","description":"","potentialAction":[{"@type":"SearchAction","target":{"@type":"EntryPoint","urlTemplate":"https:\/\/www.gefinex.com\/?s={search_term_string}"},"query-input":{"@type":"PropertyValueSpecification","valueRequired":true,"valueName":"search_term_string"}}],"inLanguage":"fr-FR"}]}},"_links":{"self":[{"href":"https:\/\/www.gefinex.com\/fr\/wp-json\/wp\/v2\/pages\/6809","targetHints":{"allow":["GET"]}}],"collection":[{"href":"https:\/\/www.gefinex.com\/fr\/wp-json\/wp\/v2\/pages"}],"about":[{"href":"https:\/\/www.gefinex.com\/fr\/wp-json\/wp\/v2\/types\/page"}],"author":[{"embeddable":true,"href":"https:\/\/www.gefinex.com\/fr\/wp-json\/wp\/v2\/users\/8"}],"replies":[{"embeddable":true,"href":"https:\/\/www.gefinex.com\/fr\/wp-json\/wp\/v2\/comments?post=6809"}],"version-history":[{"count":2,"href":"https:\/\/www.gefinex.com\/fr\/wp-json\/wp\/v2\/pages\/6809\/revisions"}],"predecessor-version":[{"id":7672,"href":"https:\/\/www.gefinex.com\/fr\/wp-json\/wp\/v2\/pages\/6809\/revisions\/7672"}],"wp:attachment":[{"href":"https:\/\/www.gefinex.com\/fr\/wp-json\/wp\/v2\/media?parent=6809"}],"curies":[{"name":"wp","href":"https:\/\/api.w.org\/{rel}","templated":true}]}}