{"id":6969,"date":"2026-02-20T08:36:52","date_gmt":"2026-02-20T08:36:52","guid":{"rendered":"https:\/\/www.gefinex.com\/newsletter\/"},"modified":"2026-03-10T15:02:16","modified_gmt":"2026-03-10T15:02:16","slug":"newsletter","status":"publish","type":"page","link":"https:\/\/www.gefinex.com\/fr\/newsletter\/","title":{"rendered":"bulletin"},"content":{"rendered":"<p>Recevez des informations exclusives, des actualit\u00e9s et des offres s\u00e9lectionn\u00e9es directement dans votre bo\u00eete de r\u00e9ception. Pas de spam \u2013 juste du contenu pertinent. Vous pouvez vous d\u00e9sinscrire \u00e0 tout moment.<\/p>\n","protected":false},"excerpt":{"rendered":"<p>Recevez des informations exclusives, des actualit\u00e9s et des offres s\u00e9lectionn\u00e9es directement dans votre bo\u00eete de r\u00e9ception. Pas de spam \u2013 juste du contenu pertinent. Vous pouvez vous d\u00e9sinscrire \u00e0 tout moment.<\/p>\n","protected":false},"author":10,"featured_media":0,"parent":0,"menu_order":0,"comment_status":"closed","ping_status":"closed","template":"templates\/newsletter.php","meta":{"footnotes":""},"class_list":["post-6969","page","type-page","status-publish","hentry"],"yoast_head":"<!-- This site is optimized with the Yoast SEO plugin v27.3 - https:\/\/yoast.com\/product\/yoast-seo-wordpress\/ -->\n<title>bulletin - Gefinex<\/title>\n<meta name=\"robots\" content=\"index, follow, max-snippet:-1, max-image-preview:large, max-video-preview:-1\" \/>\n<link rel=\"canonical\" href=\"https:\/\/www.gefinex.com\/fr\/newsletter\/\" \/>\n<meta property=\"og:locale\" content=\"fr_FR\" \/>\n<meta property=\"og:type\" content=\"article\" \/>\n<meta property=\"og:title\" content=\"bulletin - Gefinex\" \/>\n<meta property=\"og:description\" content=\"Recevez des informations exclusives, des actualit\u00e9s et des offres s\u00e9lectionn\u00e9es directement dans votre bo\u00eete de r\u00e9ception. Pas de spam \u2013 juste du contenu pertinent. Vous pouvez vous d\u00e9sinscrire \u00e0 tout moment.\" \/>\n<meta property=\"og:url\" content=\"https:\/\/www.gefinex.com\/fr\/newsletter\/\" \/>\n<meta property=\"og:site_name\" content=\"Gefinex\" \/>\n<meta property=\"article:modified_time\" content=\"2026-03-10T15:02:16+00:00\" \/>\n<meta name=\"twitter:card\" content=\"summary_large_image\" \/>\n<script type=\"application\/ld+json\" class=\"yoast-schema-graph\">{\"@context\":\"https:\\\/\\\/schema.org\",\"@graph\":[{\"@type\":\"WebPage\",\"@id\":\"https:\\\/\\\/www.gefinex.com\\\/fr\\\/newsletter\\\/\",\"url\":\"https:\\\/\\\/www.gefinex.com\\\/fr\\\/newsletter\\\/\",\"name\":\"bulletin - Gefinex\",\"isPartOf\":{\"@id\":\"https:\\\/\\\/www.gefinex.com\\\/#website\"},\"datePublished\":\"2026-02-20T08:36:52+00:00\",\"dateModified\":\"2026-03-10T15:02:16+00:00\",\"breadcrumb\":{\"@id\":\"https:\\\/\\\/www.gefinex.com\\\/fr\\\/newsletter\\\/#breadcrumb\"},\"inLanguage\":\"fr-FR\",\"potentialAction\":[{\"@type\":\"ReadAction\",\"target\":[\"https:\\\/\\\/www.gefinex.com\\\/fr\\\/newsletter\\\/\"]}]},{\"@type\":\"BreadcrumbList\",\"@id\":\"https:\\\/\\\/www.gefinex.com\\\/fr\\\/newsletter\\\/#breadcrumb\",\"itemListElement\":[{\"@type\":\"ListItem\",\"position\":1,\"name\":\"Home\",\"item\":\"https:\\\/\\\/www.gefinex.com\\\/fr\\\/\"},{\"@type\":\"ListItem\",\"position\":2,\"name\":\"bulletin\"}]},{\"@type\":\"WebSite\",\"@id\":\"https:\\\/\\\/www.gefinex.com\\\/#website\",\"url\":\"https:\\\/\\\/www.gefinex.com\\\/\",\"name\":\"Gefinex\",\"description\":\"\",\"potentialAction\":[{\"@type\":\"SearchAction\",\"target\":{\"@type\":\"EntryPoint\",\"urlTemplate\":\"https:\\\/\\\/www.gefinex.com\\\/?s={search_term_string}\"},\"query-input\":{\"@type\":\"PropertyValueSpecification\",\"valueRequired\":true,\"valueName\":\"search_term_string\"}}],\"inLanguage\":\"fr-FR\"}]}<\/script>\n<!-- \/ Yoast SEO plugin. -->","yoast_head_json":{"title":"bulletin - Gefinex","robots":{"index":"index","follow":"follow","max-snippet":"max-snippet:-1","max-image-preview":"max-image-preview:large","max-video-preview":"max-video-preview:-1"},"canonical":"https:\/\/www.gefinex.com\/fr\/newsletter\/","og_locale":"fr_FR","og_type":"article","og_title":"bulletin - Gefinex","og_description":"Recevez des informations exclusives, des actualit\u00e9s et des offres s\u00e9lectionn\u00e9es directement dans votre bo\u00eete de r\u00e9ception. Pas de spam \u2013 juste du contenu pertinent. Vous pouvez vous d\u00e9sinscrire \u00e0 tout moment.","og_url":"https:\/\/www.gefinex.com\/fr\/newsletter\/","og_site_name":"Gefinex","article_modified_time":"2026-03-10T15:02:16+00:00","twitter_card":"summary_large_image","schema":{"@context":"https:\/\/schema.org","@graph":[{"@type":"WebPage","@id":"https:\/\/www.gefinex.com\/fr\/newsletter\/","url":"https:\/\/www.gefinex.com\/fr\/newsletter\/","name":"bulletin - Gefinex","isPartOf":{"@id":"https:\/\/www.gefinex.com\/#website"},"datePublished":"2026-02-20T08:36:52+00:00","dateModified":"2026-03-10T15:02:16+00:00","breadcrumb":{"@id":"https:\/\/www.gefinex.com\/fr\/newsletter\/#breadcrumb"},"inLanguage":"fr-FR","potentialAction":[{"@type":"ReadAction","target":["https:\/\/www.gefinex.com\/fr\/newsletter\/"]}]},{"@type":"BreadcrumbList","@id":"https:\/\/www.gefinex.com\/fr\/newsletter\/#breadcrumb","itemListElement":[{"@type":"ListItem","position":1,"name":"Home","item":"https:\/\/www.gefinex.com\/fr\/"},{"@type":"ListItem","position":2,"name":"bulletin"}]},{"@type":"WebSite","@id":"https:\/\/www.gefinex.com\/#website","url":"https:\/\/www.gefinex.com\/","name":"Gefinex","description":"","potentialAction":[{"@type":"SearchAction","target":{"@type":"EntryPoint","urlTemplate":"https:\/\/www.gefinex.com\/?s={search_term_string}"},"query-input":{"@type":"PropertyValueSpecification","valueRequired":true,"valueName":"search_term_string"}}],"inLanguage":"fr-FR"}]}},"_links":{"self":[{"href":"https:\/\/www.gefinex.com\/fr\/wp-json\/wp\/v2\/pages\/6969","targetHints":{"allow":["GET"]}}],"collection":[{"href":"https:\/\/www.gefinex.com\/fr\/wp-json\/wp\/v2\/pages"}],"about":[{"href":"https:\/\/www.gefinex.com\/fr\/wp-json\/wp\/v2\/types\/page"}],"author":[{"embeddable":true,"href":"https:\/\/www.gefinex.com\/fr\/wp-json\/wp\/v2\/users\/10"}],"replies":[{"embeddable":true,"href":"https:\/\/www.gefinex.com\/fr\/wp-json\/wp\/v2\/comments?post=6969"}],"version-history":[{"count":2,"href":"https:\/\/www.gefinex.com\/fr\/wp-json\/wp\/v2\/pages\/6969\/revisions"}],"predecessor-version":[{"id":7653,"href":"https:\/\/www.gefinex.com\/fr\/wp-json\/wp\/v2\/pages\/6969\/revisions\/7653"}],"wp:attachment":[{"href":"https:\/\/www.gefinex.com\/fr\/wp-json\/wp\/v2\/media?parent=6969"}],"curies":[{"name":"wp","href":"https:\/\/api.w.org\/{rel}","templated":true}]}}