{"id":7185,"date":"2024-05-28T13:46:55","date_gmt":"2024-05-28T13:46:55","guid":{"rendered":"https:\/\/www.gefinex.com\/droga-do-produktu-greenline-%f0%9f%8d%83\/"},"modified":"2026-03-06T09:39:13","modified_gmt":"2026-03-06T09:39:13","slug":"droga-do-produktu-greenline-%f0%9f%8d%83","status":"publish","type":"page","link":"https:\/\/www.gefinex.com\/pl\/droga-do-produktu-greenline-%f0%9f%8d%83\/","title":{"rendered":"Droga do produktu Greenline \ud83c\udf43"},"content":{"rendered":"","protected":false},"excerpt":{"rendered":"","protected":false},"author":7,"featured_media":7187,"parent":0,"menu_order":0,"comment_status":"closed","ping_status":"closed","template":"templates\/repeater_template.php","meta":{"footnotes":""},"class_list":["post-7185","page","type-page","status-publish","hentry"],"yoast_head":"<!-- This site is optimized with the Yoast SEO plugin v27.3 - https:\/\/yoast.com\/product\/yoast-seo-wordpress\/ -->\n<title>Droga do produktu Greenline \ud83c\udf43 - Gefinex<\/title>\n<meta name=\"description\" content=\"Nasze przyjazne dla \u015brodowiska produkty wykonane z organicznego polietylenu (bio-PE) oznaczaj\u0105 zr\u00f3wnowa\u017cony rozw\u00f3j i jako\u015b\u0107. Dowiedz si\u0119 wi\u0119cej!\" \/>\n<meta name=\"robots\" content=\"index, follow, max-snippet:-1, max-image-preview:large, max-video-preview:-1\" \/>\n<link rel=\"canonical\" href=\"https:\/\/www.gefinex.com\/pl\/droga-do-produktu-greenline-\ud83c\udf43\/\" \/>\n<meta property=\"og:locale\" content=\"pl_PL\" \/>\n<meta property=\"og:type\" content=\"article\" \/>\n<meta property=\"og:title\" content=\"Droga do produktu Greenline \ud83c\udf43 - Gefinex\" \/>\n<meta property=\"og:description\" content=\"Nasze przyjazne dla \u015brodowiska produkty wykonane z organicznego polietylenu (bio-PE) oznaczaj\u0105 zr\u00f3wnowa\u017cony rozw\u00f3j i jako\u015b\u0107. Dowiedz si\u0119 wi\u0119cej!\" \/>\n<meta property=\"og:url\" content=\"https:\/\/www.gefinex.com\/pl\/droga-do-produktu-greenline-\ud83c\udf43\/\" \/>\n<meta property=\"og:site_name\" content=\"Gefinex\" \/>\n<meta property=\"article:modified_time\" content=\"2026-03-06T09:39:13+00:00\" \/>\n<meta property=\"og:image\" content=\"https:\/\/www.gefinex.com\/wp-content\/uploads\/2024\/05\/Gruppenbidl-GREENLINE-1-1024x640.png\" \/>\n\t<meta property=\"og:image:width\" content=\"1024\" \/>\n\t<meta property=\"og:image:height\" content=\"640\" \/>\n\t<meta property=\"og:image:type\" content=\"image\/png\" \/>\n<meta name=\"twitter:card\" content=\"summary_large_image\" \/>\n<script type=\"application\/ld+json\" class=\"yoast-schema-graph\">{\"@context\":\"https:\\\/\\\/schema.org\",\"@graph\":[{\"@type\":\"WebPage\",\"@id\":\"https:\\\/\\\/www.gefinex.com\\\/pl\\\/droga-do-produktu-greenline-%f0%9f%8d%83\\\/\",\"url\":\"https:\\\/\\\/www.gefinex.com\\\/pl\\\/droga-do-produktu-greenline-%f0%9f%8d%83\\\/\",\"name\":\"Droga do produktu Greenline \ud83c\udf43 - Gefinex\",\"isPartOf\":{\"@id\":\"https:\\\/\\\/www.gefinex.com\\\/#website\"},\"primaryImageOfPage\":{\"@id\":\"https:\\\/\\\/www.gefinex.com\\\/pl\\\/droga-do-produktu-greenline-%f0%9f%8d%83\\\/#primaryimage\"},\"image\":{\"@id\":\"https:\\\/\\\/www.gefinex.com\\\/pl\\\/droga-do-produktu-greenline-%f0%9f%8d%83\\\/#primaryimage\"},\"thumbnailUrl\":\"https:\\\/\\\/www.gefinex.com\\\/wp-content\\\/uploads\\\/2024\\\/05\\\/Gruppenbidl-GREENLINE-1.png\",\"datePublished\":\"2024-05-28T13:46:55+00:00\",\"dateModified\":\"2026-03-06T09:39:13+00:00\",\"description\":\"Nasze przyjazne dla \u015brodowiska produkty wykonane z organicznego polietylenu (bio-PE) oznaczaj\u0105 zr\u00f3wnowa\u017cony rozw\u00f3j i jako\u015b\u0107. Dowiedz si\u0119 wi\u0119cej!\",\"breadcrumb\":{\"@id\":\"https:\\\/\\\/www.gefinex.com\\\/pl\\\/droga-do-produktu-greenline-%f0%9f%8d%83\\\/#breadcrumb\"},\"inLanguage\":\"pl-PL\",\"potentialAction\":[{\"@type\":\"ReadAction\",\"target\":[\"https:\\\/\\\/www.gefinex.com\\\/pl\\\/droga-do-produktu-greenline-%f0%9f%8d%83\\\/\"]}]},{\"@type\":\"ImageObject\",\"inLanguage\":\"pl-PL\",\"@id\":\"https:\\\/\\\/www.gefinex.com\\\/pl\\\/droga-do-produktu-greenline-%f0%9f%8d%83\\\/#primaryimage\",\"url\":\"https:\\\/\\\/www.gefinex.com\\\/wp-content\\\/uploads\\\/2024\\\/05\\\/Gruppenbidl-GREENLINE-1.png\",\"contentUrl\":\"https:\\\/\\\/www.gefinex.com\\\/wp-content\\\/uploads\\\/2024\\\/05\\\/Gruppenbidl-GREENLINE-1.png\",\"width\":3024,\"height\":1890,\"caption\":\"Kreislauf, gr\u00fcner Weg, Greenline, Gefinex, Nachhaltigkeit\"},{\"@type\":\"BreadcrumbList\",\"@id\":\"https:\\\/\\\/www.gefinex.com\\\/pl\\\/droga-do-produktu-greenline-%f0%9f%8d%83\\\/#breadcrumb\",\"itemListElement\":[{\"@type\":\"ListItem\",\"position\":1,\"name\":\"Home\",\"item\":\"https:\\\/\\\/www.gefinex.com\\\/pl\\\/\"},{\"@type\":\"ListItem\",\"position\":2,\"name\":\"Droga do produktu Greenline \ud83c\udf43\"}]},{\"@type\":\"WebSite\",\"@id\":\"https:\\\/\\\/www.gefinex.com\\\/#website\",\"url\":\"https:\\\/\\\/www.gefinex.com\\\/\",\"name\":\"Gefinex\",\"description\":\"\",\"potentialAction\":[{\"@type\":\"SearchAction\",\"target\":{\"@type\":\"EntryPoint\",\"urlTemplate\":\"https:\\\/\\\/www.gefinex.com\\\/?s={search_term_string}\"},\"query-input\":{\"@type\":\"PropertyValueSpecification\",\"valueRequired\":true,\"valueName\":\"search_term_string\"}}],\"inLanguage\":\"pl-PL\"}]}<\/script>\n<!-- \/ Yoast SEO plugin. -->","yoast_head_json":{"title":"Droga do produktu Greenline \ud83c\udf43 - Gefinex","description":"Nasze przyjazne dla \u015brodowiska produkty wykonane z organicznego polietylenu (bio-PE) oznaczaj\u0105 zr\u00f3wnowa\u017cony rozw\u00f3j i jako\u015b\u0107. Dowiedz si\u0119 wi\u0119cej!","robots":{"index":"index","follow":"follow","max-snippet":"max-snippet:-1","max-image-preview":"max-image-preview:large","max-video-preview":"max-video-preview:-1"},"canonical":"https:\/\/www.gefinex.com\/pl\/droga-do-produktu-greenline-\ud83c\udf43\/","og_locale":"pl_PL","og_type":"article","og_title":"Droga do produktu Greenline \ud83c\udf43 - Gefinex","og_description":"Nasze przyjazne dla \u015brodowiska produkty wykonane z organicznego polietylenu (bio-PE) oznaczaj\u0105 zr\u00f3wnowa\u017cony rozw\u00f3j i jako\u015b\u0107. Dowiedz si\u0119 wi\u0119cej!","og_url":"https:\/\/www.gefinex.com\/pl\/droga-do-produktu-greenline-\ud83c\udf43\/","og_site_name":"Gefinex","article_modified_time":"2026-03-06T09:39:13+00:00","og_image":[{"width":1024,"height":640,"url":"https:\/\/www.gefinex.com\/wp-content\/uploads\/2024\/05\/Gruppenbidl-GREENLINE-1-1024x640.png","type":"image\/png"}],"twitter_card":"summary_large_image","schema":{"@context":"https:\/\/schema.org","@graph":[{"@type":"WebPage","@id":"https:\/\/www.gefinex.com\/pl\/droga-do-produktu-greenline-%f0%9f%8d%83\/","url":"https:\/\/www.gefinex.com\/pl\/droga-do-produktu-greenline-%f0%9f%8d%83\/","name":"Droga do produktu Greenline \ud83c\udf43 - Gefinex","isPartOf":{"@id":"https:\/\/www.gefinex.com\/#website"},"primaryImageOfPage":{"@id":"https:\/\/www.gefinex.com\/pl\/droga-do-produktu-greenline-%f0%9f%8d%83\/#primaryimage"},"image":{"@id":"https:\/\/www.gefinex.com\/pl\/droga-do-produktu-greenline-%f0%9f%8d%83\/#primaryimage"},"thumbnailUrl":"https:\/\/www.gefinex.com\/wp-content\/uploads\/2024\/05\/Gruppenbidl-GREENLINE-1.png","datePublished":"2024-05-28T13:46:55+00:00","dateModified":"2026-03-06T09:39:13+00:00","description":"Nasze przyjazne dla \u015brodowiska produkty wykonane z organicznego polietylenu (bio-PE) oznaczaj\u0105 zr\u00f3wnowa\u017cony rozw\u00f3j i jako\u015b\u0107. Dowiedz si\u0119 wi\u0119cej!","breadcrumb":{"@id":"https:\/\/www.gefinex.com\/pl\/droga-do-produktu-greenline-%f0%9f%8d%83\/#breadcrumb"},"inLanguage":"pl-PL","potentialAction":[{"@type":"ReadAction","target":["https:\/\/www.gefinex.com\/pl\/droga-do-produktu-greenline-%f0%9f%8d%83\/"]}]},{"@type":"ImageObject","inLanguage":"pl-PL","@id":"https:\/\/www.gefinex.com\/pl\/droga-do-produktu-greenline-%f0%9f%8d%83\/#primaryimage","url":"https:\/\/www.gefinex.com\/wp-content\/uploads\/2024\/05\/Gruppenbidl-GREENLINE-1.png","contentUrl":"https:\/\/www.gefinex.com\/wp-content\/uploads\/2024\/05\/Gruppenbidl-GREENLINE-1.png","width":3024,"height":1890,"caption":"Kreislauf, gr\u00fcner Weg, Greenline, Gefinex, Nachhaltigkeit"},{"@type":"BreadcrumbList","@id":"https:\/\/www.gefinex.com\/pl\/droga-do-produktu-greenline-%f0%9f%8d%83\/#breadcrumb","itemListElement":[{"@type":"ListItem","position":1,"name":"Home","item":"https:\/\/www.gefinex.com\/pl\/"},{"@type":"ListItem","position":2,"name":"Droga do produktu Greenline \ud83c\udf43"}]},{"@type":"WebSite","@id":"https:\/\/www.gefinex.com\/#website","url":"https:\/\/www.gefinex.com\/","name":"Gefinex","description":"","potentialAction":[{"@type":"SearchAction","target":{"@type":"EntryPoint","urlTemplate":"https:\/\/www.gefinex.com\/?s={search_term_string}"},"query-input":{"@type":"PropertyValueSpecification","valueRequired":true,"valueName":"search_term_string"}}],"inLanguage":"pl-PL"}]}},"_links":{"self":[{"href":"https:\/\/www.gefinex.com\/pl\/wp-json\/wp\/v2\/pages\/7185","targetHints":{"allow":["GET"]}}],"collection":[{"href":"https:\/\/www.gefinex.com\/pl\/wp-json\/wp\/v2\/pages"}],"about":[{"href":"https:\/\/www.gefinex.com\/pl\/wp-json\/wp\/v2\/types\/page"}],"author":[{"embeddable":true,"href":"https:\/\/www.gefinex.com\/pl\/wp-json\/wp\/v2\/users\/7"}],"replies":[{"embeddable":true,"href":"https:\/\/www.gefinex.com\/pl\/wp-json\/wp\/v2\/comments?post=7185"}],"version-history":[{"count":1,"href":"https:\/\/www.gefinex.com\/pl\/wp-json\/wp\/v2\/pages\/7185\/revisions"}],"predecessor-version":[{"id":7577,"href":"https:\/\/www.gefinex.com\/pl\/wp-json\/wp\/v2\/pages\/7185\/revisions\/7577"}],"wp:featuredmedia":[{"embeddable":true,"href":"https:\/\/www.gefinex.com\/pl\/wp-json\/wp\/v2\/media\/7187"}],"wp:attachment":[{"href":"https:\/\/www.gefinex.com\/pl\/wp-json\/wp\/v2\/media?parent=7185"}],"curies":[{"name":"wp","href":"https:\/\/api.w.org\/{rel}","templated":true}]}}