{"id":7192,"date":"2023-10-20T06:26:47","date_gmt":"2023-10-20T06:26:47","guid":{"rendered":"https:\/\/www.gefinex.com\/popros-o-probki\/"},"modified":"2026-03-06T09:39:14","modified_gmt":"2026-03-06T09:39:14","slug":"popros-o-probki","status":"publish","type":"page","link":"https:\/\/www.gefinex.com\/pl\/popros-o-probki\/","title":{"rendered":"Popro\u015b o pr\u00f3bki"},"content":{"rendered":"<h1>Za\u017c\u0105dano Twojej pr\u00f3bki<\/h1>\n<p>\u00a0<\/p>\n<p>Dzi\u0119kujemy za zapytanie! Twoja pr\u00f3bka zostanie przez nas wys\u0142ana i dotrze w ci\u0105gu najbli\u017cszych 5 dni roboczych.<\/p>\n","protected":false},"excerpt":{"rendered":"<p>Za\u017c\u0105dano Twojej pr\u00f3bki \u00a0 Dzi\u0119kujemy za zapytanie! Twoja pr\u00f3bka zostanie przez nas wys\u0142ana i dotrze w ci\u0105gu najbli\u017cszych 5 dni roboczych.<\/p>\n","protected":false},"author":8,"featured_media":0,"parent":0,"menu_order":0,"comment_status":"closed","ping_status":"closed","template":"templates\/form-sucess.php","meta":{"footnotes":""},"class_list":["post-7192","page","type-page","status-publish","hentry"],"yoast_head":"<!-- This site is optimized with the Yoast SEO plugin v27.3 - https:\/\/yoast.com\/product\/yoast-seo-wordpress\/ -->\n<title>Popro\u015b o pr\u00f3bki - Gefinex<\/title>\n<meta name=\"description\" content=\"Zam\u00f3w pr\u00f3bk\u0119 ju\u017c teraz, prosto i \u0142atwo! Szybko, bezp\u0142atnie i wygodnie prosto do Twojego domu.\" \/>\n<meta name=\"robots\" content=\"index, follow, max-snippet:-1, max-image-preview:large, max-video-preview:-1\" \/>\n<link rel=\"canonical\" href=\"https:\/\/127.0.0.1\/muster-anfordern\/\" \/>\n<meta property=\"og:locale\" content=\"pl_PL\" \/>\n<meta property=\"og:type\" content=\"article\" \/>\n<meta property=\"og:title\" content=\"Popro\u015b o pr\u00f3bki - Gefinex\" \/>\n<meta property=\"og:description\" content=\"Zam\u00f3w pr\u00f3bk\u0119 ju\u017c teraz, prosto i \u0142atwo! Szybko, bezp\u0142atnie i wygodnie prosto do Twojego domu.\" \/>\n<meta property=\"og:url\" content=\"https:\/\/127.0.0.1\/muster-anfordern\/\" \/>\n<meta property=\"og:site_name\" content=\"Gefinex\" \/>\n<meta property=\"article:modified_time\" content=\"2026-03-06T09:39:14+00:00\" \/>\n<meta name=\"twitter:card\" content=\"summary_large_image\" \/>\n<script type=\"application\/ld+json\" class=\"yoast-schema-graph\">{\"@context\":\"https:\\\/\\\/schema.org\",\"@graph\":[{\"@type\":\"WebPage\",\"@id\":\"https:\\\/\\\/127.0.0.1\\\/muster-anfordern\\\/\",\"url\":\"https:\\\/\\\/127.0.0.1\\\/muster-anfordern\\\/\",\"name\":\"Popro\u015b o pr\u00f3bki - Gefinex\",\"isPartOf\":{\"@id\":\"https:\\\/\\\/www.gefinex.com\\\/#website\"},\"datePublished\":\"2023-10-20T06:26:47+00:00\",\"dateModified\":\"2026-03-06T09:39:14+00:00\",\"description\":\"Zam\u00f3w pr\u00f3bk\u0119 ju\u017c teraz, prosto i \u0142atwo! Szybko, bezp\u0142atnie i wygodnie prosto do Twojego domu.\",\"breadcrumb\":{\"@id\":\"https:\\\/\\\/127.0.0.1\\\/muster-anfordern\\\/#breadcrumb\"},\"inLanguage\":\"pl-PL\",\"potentialAction\":[{\"@type\":\"ReadAction\",\"target\":[\"https:\\\/\\\/127.0.0.1\\\/muster-anfordern\\\/\"]}]},{\"@type\":\"BreadcrumbList\",\"@id\":\"https:\\\/\\\/127.0.0.1\\\/muster-anfordern\\\/#breadcrumb\",\"itemListElement\":[{\"@type\":\"ListItem\",\"position\":1,\"name\":\"Home\",\"item\":\"https:\\\/\\\/www.gefinex.com\\\/pl\\\/\"},{\"@type\":\"ListItem\",\"position\":2,\"name\":\"Popro\u015b o pr\u00f3bki\"}]},{\"@type\":\"WebSite\",\"@id\":\"https:\\\/\\\/www.gefinex.com\\\/#website\",\"url\":\"https:\\\/\\\/www.gefinex.com\\\/\",\"name\":\"Gefinex\",\"description\":\"\",\"potentialAction\":[{\"@type\":\"SearchAction\",\"target\":{\"@type\":\"EntryPoint\",\"urlTemplate\":\"https:\\\/\\\/www.gefinex.com\\\/?s={search_term_string}\"},\"query-input\":{\"@type\":\"PropertyValueSpecification\",\"valueRequired\":true,\"valueName\":\"search_term_string\"}}],\"inLanguage\":\"pl-PL\"}]}<\/script>\n<!-- \/ Yoast SEO plugin. -->","yoast_head_json":{"title":"Popro\u015b o pr\u00f3bki - Gefinex","description":"Zam\u00f3w pr\u00f3bk\u0119 ju\u017c teraz, prosto i \u0142atwo! Szybko, bezp\u0142atnie i wygodnie prosto do Twojego domu.","robots":{"index":"index","follow":"follow","max-snippet":"max-snippet:-1","max-image-preview":"max-image-preview:large","max-video-preview":"max-video-preview:-1"},"canonical":"https:\/\/127.0.0.1\/muster-anfordern\/","og_locale":"pl_PL","og_type":"article","og_title":"Popro\u015b o pr\u00f3bki - Gefinex","og_description":"Zam\u00f3w pr\u00f3bk\u0119 ju\u017c teraz, prosto i \u0142atwo! Szybko, bezp\u0142atnie i wygodnie prosto do Twojego domu.","og_url":"https:\/\/127.0.0.1\/muster-anfordern\/","og_site_name":"Gefinex","article_modified_time":"2026-03-06T09:39:14+00:00","twitter_card":"summary_large_image","schema":{"@context":"https:\/\/schema.org","@graph":[{"@type":"WebPage","@id":"https:\/\/127.0.0.1\/muster-anfordern\/","url":"https:\/\/127.0.0.1\/muster-anfordern\/","name":"Popro\u015b o pr\u00f3bki - Gefinex","isPartOf":{"@id":"https:\/\/www.gefinex.com\/#website"},"datePublished":"2023-10-20T06:26:47+00:00","dateModified":"2026-03-06T09:39:14+00:00","description":"Zam\u00f3w pr\u00f3bk\u0119 ju\u017c teraz, prosto i \u0142atwo! Szybko, bezp\u0142atnie i wygodnie prosto do Twojego domu.","breadcrumb":{"@id":"https:\/\/127.0.0.1\/muster-anfordern\/#breadcrumb"},"inLanguage":"pl-PL","potentialAction":[{"@type":"ReadAction","target":["https:\/\/127.0.0.1\/muster-anfordern\/"]}]},{"@type":"BreadcrumbList","@id":"https:\/\/127.0.0.1\/muster-anfordern\/#breadcrumb","itemListElement":[{"@type":"ListItem","position":1,"name":"Home","item":"https:\/\/www.gefinex.com\/pl\/"},{"@type":"ListItem","position":2,"name":"Popro\u015b o pr\u00f3bki"}]},{"@type":"WebSite","@id":"https:\/\/www.gefinex.com\/#website","url":"https:\/\/www.gefinex.com\/","name":"Gefinex","description":"","potentialAction":[{"@type":"SearchAction","target":{"@type":"EntryPoint","urlTemplate":"https:\/\/www.gefinex.com\/?s={search_term_string}"},"query-input":{"@type":"PropertyValueSpecification","valueRequired":true,"valueName":"search_term_string"}}],"inLanguage":"pl-PL"}]}},"_links":{"self":[{"href":"https:\/\/www.gefinex.com\/pl\/wp-json\/wp\/v2\/pages\/7192","targetHints":{"allow":["GET"]}}],"collection":[{"href":"https:\/\/www.gefinex.com\/pl\/wp-json\/wp\/v2\/pages"}],"about":[{"href":"https:\/\/www.gefinex.com\/pl\/wp-json\/wp\/v2\/types\/page"}],"author":[{"embeddable":true,"href":"https:\/\/www.gefinex.com\/pl\/wp-json\/wp\/v2\/users\/8"}],"replies":[{"embeddable":true,"href":"https:\/\/www.gefinex.com\/pl\/wp-json\/wp\/v2\/comments?post=7192"}],"version-history":[{"count":1,"href":"https:\/\/www.gefinex.com\/pl\/wp-json\/wp\/v2\/pages\/7192\/revisions"}],"predecessor-version":[{"id":7574,"href":"https:\/\/www.gefinex.com\/pl\/wp-json\/wp\/v2\/pages\/7192\/revisions\/7574"}],"wp:attachment":[{"href":"https:\/\/www.gefinex.com\/pl\/wp-json\/wp\/v2\/media?parent=7192"}],"curies":[{"name":"wp","href":"https:\/\/api.w.org\/{rel}","templated":true}]}}