{"id":7210,"date":"2021-12-03T11:35:12","date_gmt":"2021-12-03T11:35:12","guid":{"rendered":"https:\/\/www.gefinex.com\/produkty\/"},"modified":"2026-03-06T09:39:15","modified_gmt":"2026-03-06T09:39:15","slug":"produkty","status":"publish","type":"page","link":"https:\/\/www.gefinex.com\/pl\/produkty\/","title":{"rendered":"Produkty"},"content":{"rendered":"","protected":false},"excerpt":{"rendered":"","protected":false},"author":8,"featured_media":0,"parent":0,"menu_order":0,"comment_status":"closed","ping_status":"closed","template":"templates\/product.php","meta":{"footnotes":""},"class_list":["post-7210","page","type-page","status-publish","hentry"],"yoast_head":"<!-- This site is optimized with the Yoast SEO plugin v27.3 - https:\/\/yoast.com\/product\/yoast-seo-wordpress\/ -->\n<title>Produkty - Gefinex<\/title>\n<meta name=\"description\" content=\"Tutaj mo\u017cesz zapozna\u0107 si\u0119 z nasz\u0105 bogat\u0105 ofert\u0105 produkt\u00f3w i znale\u017a\u0107 odpowiednie rozwi\u0105zanie dla swoich potrzeb.\" \/>\n<meta name=\"robots\" content=\"index, follow, max-snippet:-1, max-image-preview:large, max-video-preview:-1\" \/>\n<link rel=\"canonical\" href=\"https:\/\/www.gefinex.com\/pl\/produkty\/\" \/>\n<meta property=\"og:locale\" content=\"pl_PL\" \/>\n<meta property=\"og:type\" content=\"article\" \/>\n<meta property=\"og:title\" content=\"Produkty - Gefinex\" \/>\n<meta property=\"og:description\" content=\"Tutaj mo\u017cesz zapozna\u0107 si\u0119 z nasz\u0105 bogat\u0105 ofert\u0105 produkt\u00f3w i znale\u017a\u0107 odpowiednie rozwi\u0105zanie dla swoich potrzeb.\" \/>\n<meta property=\"og:url\" content=\"https:\/\/www.gefinex.com\/pl\/produkty\/\" \/>\n<meta property=\"og:site_name\" content=\"Gefinex\" \/>\n<meta property=\"article:modified_time\" content=\"2026-03-06T09:39:15+00:00\" \/>\n<meta name=\"twitter:card\" content=\"summary_large_image\" \/>\n<script type=\"application\/ld+json\" class=\"yoast-schema-graph\">{\"@context\":\"https:\\\/\\\/schema.org\",\"@graph\":[{\"@type\":\"WebPage\",\"@id\":\"https:\\\/\\\/www.gefinex.com\\\/pl\\\/produkty\\\/\",\"url\":\"https:\\\/\\\/www.gefinex.com\\\/pl\\\/produkty\\\/\",\"name\":\"Produkty - Gefinex\",\"isPartOf\":{\"@id\":\"https:\\\/\\\/www.gefinex.com\\\/#website\"},\"datePublished\":\"2021-12-03T11:35:12+00:00\",\"dateModified\":\"2026-03-06T09:39:15+00:00\",\"description\":\"Tutaj mo\u017cesz zapozna\u0107 si\u0119 z nasz\u0105 bogat\u0105 ofert\u0105 produkt\u00f3w i znale\u017a\u0107 odpowiednie rozwi\u0105zanie dla swoich potrzeb.\",\"breadcrumb\":{\"@id\":\"https:\\\/\\\/www.gefinex.com\\\/pl\\\/produkty\\\/#breadcrumb\"},\"inLanguage\":\"pl-PL\",\"potentialAction\":[{\"@type\":\"ReadAction\",\"target\":[\"https:\\\/\\\/www.gefinex.com\\\/pl\\\/produkty\\\/\"]}]},{\"@type\":\"BreadcrumbList\",\"@id\":\"https:\\\/\\\/www.gefinex.com\\\/pl\\\/produkty\\\/#breadcrumb\",\"itemListElement\":[{\"@type\":\"ListItem\",\"position\":1,\"name\":\"Home\",\"item\":\"https:\\\/\\\/www.gefinex.com\\\/pl\\\/\"},{\"@type\":\"ListItem\",\"position\":2,\"name\":\"Produkty\"}]},{\"@type\":\"WebSite\",\"@id\":\"https:\\\/\\\/www.gefinex.com\\\/#website\",\"url\":\"https:\\\/\\\/www.gefinex.com\\\/\",\"name\":\"Gefinex\",\"description\":\"\",\"potentialAction\":[{\"@type\":\"SearchAction\",\"target\":{\"@type\":\"EntryPoint\",\"urlTemplate\":\"https:\\\/\\\/www.gefinex.com\\\/?s={search_term_string}\"},\"query-input\":{\"@type\":\"PropertyValueSpecification\",\"valueRequired\":true,\"valueName\":\"search_term_string\"}}],\"inLanguage\":\"pl-PL\"}]}<\/script>\n<!-- \/ Yoast SEO plugin. -->","yoast_head_json":{"title":"Produkty - Gefinex","description":"Tutaj mo\u017cesz zapozna\u0107 si\u0119 z nasz\u0105 bogat\u0105 ofert\u0105 produkt\u00f3w i znale\u017a\u0107 odpowiednie rozwi\u0105zanie dla swoich potrzeb.","robots":{"index":"index","follow":"follow","max-snippet":"max-snippet:-1","max-image-preview":"max-image-preview:large","max-video-preview":"max-video-preview:-1"},"canonical":"https:\/\/www.gefinex.com\/pl\/produkty\/","og_locale":"pl_PL","og_type":"article","og_title":"Produkty - Gefinex","og_description":"Tutaj mo\u017cesz zapozna\u0107 si\u0119 z nasz\u0105 bogat\u0105 ofert\u0105 produkt\u00f3w i znale\u017a\u0107 odpowiednie rozwi\u0105zanie dla swoich potrzeb.","og_url":"https:\/\/www.gefinex.com\/pl\/produkty\/","og_site_name":"Gefinex","article_modified_time":"2026-03-06T09:39:15+00:00","twitter_card":"summary_large_image","schema":{"@context":"https:\/\/schema.org","@graph":[{"@type":"WebPage","@id":"https:\/\/www.gefinex.com\/pl\/produkty\/","url":"https:\/\/www.gefinex.com\/pl\/produkty\/","name":"Produkty - Gefinex","isPartOf":{"@id":"https:\/\/www.gefinex.com\/#website"},"datePublished":"2021-12-03T11:35:12+00:00","dateModified":"2026-03-06T09:39:15+00:00","description":"Tutaj mo\u017cesz zapozna\u0107 si\u0119 z nasz\u0105 bogat\u0105 ofert\u0105 produkt\u00f3w i znale\u017a\u0107 odpowiednie rozwi\u0105zanie dla swoich potrzeb.","breadcrumb":{"@id":"https:\/\/www.gefinex.com\/pl\/produkty\/#breadcrumb"},"inLanguage":"pl-PL","potentialAction":[{"@type":"ReadAction","target":["https:\/\/www.gefinex.com\/pl\/produkty\/"]}]},{"@type":"BreadcrumbList","@id":"https:\/\/www.gefinex.com\/pl\/produkty\/#breadcrumb","itemListElement":[{"@type":"ListItem","position":1,"name":"Home","item":"https:\/\/www.gefinex.com\/pl\/"},{"@type":"ListItem","position":2,"name":"Produkty"}]},{"@type":"WebSite","@id":"https:\/\/www.gefinex.com\/#website","url":"https:\/\/www.gefinex.com\/","name":"Gefinex","description":"","potentialAction":[{"@type":"SearchAction","target":{"@type":"EntryPoint","urlTemplate":"https:\/\/www.gefinex.com\/?s={search_term_string}"},"query-input":{"@type":"PropertyValueSpecification","valueRequired":true,"valueName":"search_term_string"}}],"inLanguage":"pl-PL"}]}},"_links":{"self":[{"href":"https:\/\/www.gefinex.com\/pl\/wp-json\/wp\/v2\/pages\/7210","targetHints":{"allow":["GET"]}}],"collection":[{"href":"https:\/\/www.gefinex.com\/pl\/wp-json\/wp\/v2\/pages"}],"about":[{"href":"https:\/\/www.gefinex.com\/pl\/wp-json\/wp\/v2\/types\/page"}],"author":[{"embeddable":true,"href":"https:\/\/www.gefinex.com\/pl\/wp-json\/wp\/v2\/users\/8"}],"replies":[{"embeddable":true,"href":"https:\/\/www.gefinex.com\/pl\/wp-json\/wp\/v2\/comments?post=7210"}],"version-history":[{"count":1,"href":"https:\/\/www.gefinex.com\/pl\/wp-json\/wp\/v2\/pages\/7210\/revisions"}],"predecessor-version":[{"id":7571,"href":"https:\/\/www.gefinex.com\/pl\/wp-json\/wp\/v2\/pages\/7210\/revisions\/7571"}],"wp:attachment":[{"href":"https:\/\/www.gefinex.com\/pl\/wp-json\/wp\/v2\/media?parent=7210"}],"curies":[{"name":"wp","href":"https:\/\/api.w.org\/{rel}","templated":true}]}}