{"id":7236,"date":"2021-12-02T13:08:58","date_gmt":"2021-12-02T13:08:58","guid":{"rendered":"https:\/\/www.gefinex.com\/kontakt\/"},"modified":"2026-03-06T09:39:17","modified_gmt":"2026-03-06T09:39:17","slug":"kontakt","status":"publish","type":"page","link":"https:\/\/www.gefinex.com\/pl\/kontakt\/","title":{"rendered":"kontakt"},"content":{"rendered":"<p>Masz pytania, sugestie lub potrzebujesz informacji? Ch\u0119tnie s\u0142u\u017cymy rad\u0105 i wsparciem!<\/p>\n<p>\u00a0<\/p>\n<p>\u00a0<\/p>\n","protected":false},"excerpt":{"rendered":"<p>Masz pytania, sugestie lub potrzebujesz informacji? Ch\u0119tnie s\u0142u\u017cymy rad\u0105 i wsparciem! \u00a0 \u00a0<\/p>\n","protected":false},"author":8,"featured_media":7239,"parent":0,"menu_order":0,"comment_status":"closed","ping_status":"closed","template":"templates\/kontakt.php","meta":{"footnotes":""},"class_list":["post-7236","page","type-page","status-publish","hentry"],"yoast_head":"<!-- This site is optimized with the Yoast SEO plugin v27.3 - https:\/\/yoast.com\/product\/yoast-seo-wordpress\/ -->\n<title>Skontaktuj si\u0119 z firm\u0105 Gefinex<\/title>\n<meta name=\"description\" content=\"Chcesz planowa\u0107 szybko i efektywnie? Nasz komunikator z pytaniami budowlanymi pomaga ekspertom z bran\u017cy budowlanej szybko si\u0119 z nami skontaktowa\u0107 i wyja\u015bni\u0107 pytania dotycz\u0105ce naszych produkt\u00f3w. Wytyczne, przepisy lub skomplikowane wymagania konstrukcyjne \u2013 mo\u017cemy Ci pom\u00f3c!\" \/>\n<meta name=\"robots\" content=\"index, follow, max-snippet:-1, max-image-preview:large, max-video-preview:-1\" \/>\n<link rel=\"canonical\" href=\"https:\/\/www.gefinex.com\/kontakt\/\" \/>\n<meta property=\"og:locale\" content=\"pl_PL\" \/>\n<meta property=\"og:type\" content=\"article\" \/>\n<meta property=\"og:title\" content=\"Skontaktuj si\u0119 z firm\u0105 Gefinex\" \/>\n<meta property=\"og:description\" content=\"Chcesz planowa\u0107 szybko i efektywnie? Nasz komunikator z pytaniami budowlanymi pomaga ekspertom z bran\u017cy budowlanej szybko si\u0119 z nami skontaktowa\u0107 i wyja\u015bni\u0107 pytania dotycz\u0105ce naszych produkt\u00f3w. Wytyczne, przepisy lub skomplikowane wymagania konstrukcyjne \u2013 mo\u017cemy Ci pom\u00f3c!\" \/>\n<meta property=\"og:url\" content=\"https:\/\/www.gefinex.com\/kontakt\/\" \/>\n<meta property=\"og:site_name\" content=\"Gefinex\" \/>\n<meta property=\"article:modified_time\" content=\"2026-03-06T09:39:17+00:00\" \/>\n<meta property=\"og:image\" content=\"https:\/\/www.gefinex.com\/wp-content\/uploads\/2023\/08\/pexels-pixabay-209663.jpg\" \/>\n\t<meta property=\"og:image:width\" content=\"3780\" \/>\n\t<meta property=\"og:image:height\" content=\"2263\" \/>\n\t<meta property=\"og:image:type\" content=\"image\/jpeg\" \/>\n<meta name=\"twitter:card\" content=\"summary_large_image\" \/>\n<script type=\"application\/ld+json\" class=\"yoast-schema-graph\">{\"@context\":\"https:\\\/\\\/schema.org\",\"@graph\":[{\"@type\":\"WebPage\",\"@id\":\"https:\\\/\\\/www.gefinex.com\\\/kontakt\\\/\",\"url\":\"https:\\\/\\\/www.gefinex.com\\\/kontakt\\\/\",\"name\":\"Skontaktuj si\u0119 z firm\u0105 Gefinex\",\"isPartOf\":{\"@id\":\"https:\\\/\\\/www.gefinex.com\\\/#website\"},\"primaryImageOfPage\":{\"@id\":\"https:\\\/\\\/www.gefinex.com\\\/kontakt\\\/#primaryimage\"},\"image\":{\"@id\":\"https:\\\/\\\/www.gefinex.com\\\/kontakt\\\/#primaryimage\"},\"thumbnailUrl\":\"https:\\\/\\\/www.gefinex.com\\\/wp-content\\\/uploads\\\/2023\\\/08\\\/pexels-pixabay-209663.jpg\",\"datePublished\":\"2021-12-02T13:08:58+00:00\",\"dateModified\":\"2026-03-06T09:39:17+00:00\",\"description\":\"Chcesz planowa\u0107 szybko i efektywnie? Nasz komunikator z pytaniami budowlanymi pomaga ekspertom z bran\u017cy budowlanej szybko si\u0119 z nami skontaktowa\u0107 i wyja\u015bni\u0107 pytania dotycz\u0105ce naszych produkt\u00f3w. Wytyczne, przepisy lub skomplikowane wymagania konstrukcyjne \u2013 mo\u017cemy Ci pom\u00f3c!\",\"breadcrumb\":{\"@id\":\"https:\\\/\\\/www.gefinex.com\\\/kontakt\\\/#breadcrumb\"},\"inLanguage\":\"pl-PL\",\"potentialAction\":[{\"@type\":\"ReadAction\",\"target\":[\"https:\\\/\\\/www.gefinex.com\\\/kontakt\\\/\"]}]},{\"@type\":\"ImageObject\",\"inLanguage\":\"pl-PL\",\"@id\":\"https:\\\/\\\/www.gefinex.com\\\/kontakt\\\/#primaryimage\",\"url\":\"https:\\\/\\\/www.gefinex.com\\\/wp-content\\\/uploads\\\/2023\\\/08\\\/pexels-pixabay-209663.jpg\",\"contentUrl\":\"https:\\\/\\\/www.gefinex.com\\\/wp-content\\\/uploads\\\/2023\\\/08\\\/pexels-pixabay-209663.jpg\",\"width\":3780,\"height\":2263},{\"@type\":\"BreadcrumbList\",\"@id\":\"https:\\\/\\\/www.gefinex.com\\\/kontakt\\\/#breadcrumb\",\"itemListElement\":[{\"@type\":\"ListItem\",\"position\":1,\"name\":\"Home\",\"item\":\"https:\\\/\\\/www.gefinex.com\\\/pl\\\/\"},{\"@type\":\"ListItem\",\"position\":2,\"name\":\"kontakt\"}]},{\"@type\":\"WebSite\",\"@id\":\"https:\\\/\\\/www.gefinex.com\\\/#website\",\"url\":\"https:\\\/\\\/www.gefinex.com\\\/\",\"name\":\"Gefinex\",\"description\":\"\",\"potentialAction\":[{\"@type\":\"SearchAction\",\"target\":{\"@type\":\"EntryPoint\",\"urlTemplate\":\"https:\\\/\\\/www.gefinex.com\\\/?s={search_term_string}\"},\"query-input\":{\"@type\":\"PropertyValueSpecification\",\"valueRequired\":true,\"valueName\":\"search_term_string\"}}],\"inLanguage\":\"pl-PL\"}]}<\/script>\n<!-- \/ Yoast SEO plugin. -->","yoast_head_json":{"title":"Skontaktuj si\u0119 z firm\u0105 Gefinex","description":"Chcesz planowa\u0107 szybko i efektywnie? Nasz komunikator z pytaniami budowlanymi pomaga ekspertom z bran\u017cy budowlanej szybko si\u0119 z nami skontaktowa\u0107 i wyja\u015bni\u0107 pytania dotycz\u0105ce naszych produkt\u00f3w. Wytyczne, przepisy lub skomplikowane wymagania konstrukcyjne \u2013 mo\u017cemy Ci pom\u00f3c!","robots":{"index":"index","follow":"follow","max-snippet":"max-snippet:-1","max-image-preview":"max-image-preview:large","max-video-preview":"max-video-preview:-1"},"canonical":"https:\/\/www.gefinex.com\/kontakt\/","og_locale":"pl_PL","og_type":"article","og_title":"Skontaktuj si\u0119 z firm\u0105 Gefinex","og_description":"Chcesz planowa\u0107 szybko i efektywnie? Nasz komunikator z pytaniami budowlanymi pomaga ekspertom z bran\u017cy budowlanej szybko si\u0119 z nami skontaktowa\u0107 i wyja\u015bni\u0107 pytania dotycz\u0105ce naszych produkt\u00f3w. Wytyczne, przepisy lub skomplikowane wymagania konstrukcyjne \u2013 mo\u017cemy Ci pom\u00f3c!","og_url":"https:\/\/www.gefinex.com\/kontakt\/","og_site_name":"Gefinex","article_modified_time":"2026-03-06T09:39:17+00:00","og_image":[{"width":3780,"height":2263,"url":"https:\/\/www.gefinex.com\/wp-content\/uploads\/2023\/08\/pexels-pixabay-209663.jpg","type":"image\/jpeg"}],"twitter_card":"summary_large_image","schema":{"@context":"https:\/\/schema.org","@graph":[{"@type":"WebPage","@id":"https:\/\/www.gefinex.com\/kontakt\/","url":"https:\/\/www.gefinex.com\/kontakt\/","name":"Skontaktuj si\u0119 z firm\u0105 Gefinex","isPartOf":{"@id":"https:\/\/www.gefinex.com\/#website"},"primaryImageOfPage":{"@id":"https:\/\/www.gefinex.com\/kontakt\/#primaryimage"},"image":{"@id":"https:\/\/www.gefinex.com\/kontakt\/#primaryimage"},"thumbnailUrl":"https:\/\/www.gefinex.com\/wp-content\/uploads\/2023\/08\/pexels-pixabay-209663.jpg","datePublished":"2021-12-02T13:08:58+00:00","dateModified":"2026-03-06T09:39:17+00:00","description":"Chcesz planowa\u0107 szybko i efektywnie? Nasz komunikator z pytaniami budowlanymi pomaga ekspertom z bran\u017cy budowlanej szybko si\u0119 z nami skontaktowa\u0107 i wyja\u015bni\u0107 pytania dotycz\u0105ce naszych produkt\u00f3w. Wytyczne, przepisy lub skomplikowane wymagania konstrukcyjne \u2013 mo\u017cemy Ci pom\u00f3c!","breadcrumb":{"@id":"https:\/\/www.gefinex.com\/kontakt\/#breadcrumb"},"inLanguage":"pl-PL","potentialAction":[{"@type":"ReadAction","target":["https:\/\/www.gefinex.com\/kontakt\/"]}]},{"@type":"ImageObject","inLanguage":"pl-PL","@id":"https:\/\/www.gefinex.com\/kontakt\/#primaryimage","url":"https:\/\/www.gefinex.com\/wp-content\/uploads\/2023\/08\/pexels-pixabay-209663.jpg","contentUrl":"https:\/\/www.gefinex.com\/wp-content\/uploads\/2023\/08\/pexels-pixabay-209663.jpg","width":3780,"height":2263},{"@type":"BreadcrumbList","@id":"https:\/\/www.gefinex.com\/kontakt\/#breadcrumb","itemListElement":[{"@type":"ListItem","position":1,"name":"Home","item":"https:\/\/www.gefinex.com\/pl\/"},{"@type":"ListItem","position":2,"name":"kontakt"}]},{"@type":"WebSite","@id":"https:\/\/www.gefinex.com\/#website","url":"https:\/\/www.gefinex.com\/","name":"Gefinex","description":"","potentialAction":[{"@type":"SearchAction","target":{"@type":"EntryPoint","urlTemplate":"https:\/\/www.gefinex.com\/?s={search_term_string}"},"query-input":{"@type":"PropertyValueSpecification","valueRequired":true,"valueName":"search_term_string"}}],"inLanguage":"pl-PL"}]}},"_links":{"self":[{"href":"https:\/\/www.gefinex.com\/pl\/wp-json\/wp\/v2\/pages\/7236","targetHints":{"allow":["GET"]}}],"collection":[{"href":"https:\/\/www.gefinex.com\/pl\/wp-json\/wp\/v2\/pages"}],"about":[{"href":"https:\/\/www.gefinex.com\/pl\/wp-json\/wp\/v2\/types\/page"}],"author":[{"embeddable":true,"href":"https:\/\/www.gefinex.com\/pl\/wp-json\/wp\/v2\/users\/8"}],"replies":[{"embeddable":true,"href":"https:\/\/www.gefinex.com\/pl\/wp-json\/wp\/v2\/comments?post=7236"}],"version-history":[{"count":1,"href":"https:\/\/www.gefinex.com\/pl\/wp-json\/wp\/v2\/pages\/7236\/revisions"}],"predecessor-version":[{"id":7565,"href":"https:\/\/www.gefinex.com\/pl\/wp-json\/wp\/v2\/pages\/7236\/revisions\/7565"}],"wp:featuredmedia":[{"embeddable":true,"href":"https:\/\/www.gefinex.com\/pl\/wp-json\/wp\/v2\/media\/7239"}],"wp:attachment":[{"href":"https:\/\/www.gefinex.com\/pl\/wp-json\/wp\/v2\/media?parent=7236"}],"curies":[{"name":"wp","href":"https:\/\/api.w.org\/{rel}","templated":true}]}}