{"id":7240,"date":"2021-12-02T12:19:04","date_gmt":"2021-12-02T12:19:04","guid":{"rendered":"https:\/\/www.gefinex.com\/pliki-do-pobrania\/"},"modified":"2026-03-06T09:39:17","modified_gmt":"2026-03-06T09:39:17","slug":"pliki-do-pobrania","status":"publish","type":"page","link":"https:\/\/www.gefinex.com\/pl\/pliki-do-pobrania-i-uslugi\/pliki-do-pobrania\/","title":{"rendered":"Pliki do pobrania"},"content":{"rendered":"<p>Wszystkie dokumenty i informacje dotycz\u0105ce produktu s\u0105 dost\u0119pne do pobrania tutaj.<\/p>\n","protected":false},"excerpt":{"rendered":"<p>Wszystkie dokumenty i informacje dotycz\u0105ce produktu s\u0105 dost\u0119pne do pobrania tutaj.<\/p>\n","protected":false},"author":8,"featured_media":0,"parent":7242,"menu_order":0,"comment_status":"closed","ping_status":"closed","template":"templates\/downloads.php","meta":{"footnotes":""},"class_list":["post-7240","page","type-page","status-publish","hentry"],"yoast_head":"<!-- This site is optimized with the Yoast SEO plugin v27.3 - https:\/\/yoast.com\/product\/yoast-seo-wordpress\/ -->\n<title>Pliki do pobrania - Gefinex<\/title>\n<meta name=\"description\" content=\"Nasza strefa pobierania zapewnia centralny dost\u0119p do odpowiednich dokument\u00f3w, broszur i formularzy \u2013 dost\u0119pnych w ka\u017cdej chwili.\" \/>\n<meta name=\"robots\" content=\"index, follow, max-snippet:-1, max-image-preview:large, max-video-preview:-1\" \/>\n<link rel=\"canonical\" href=\"https:\/\/www.gefinex.com\/downloads-service\/downloads\/\" \/>\n<meta property=\"og:locale\" content=\"pl_PL\" \/>\n<meta property=\"og:type\" content=\"article\" \/>\n<meta property=\"og:title\" content=\"Pliki do pobrania - Gefinex\" \/>\n<meta property=\"og:description\" content=\"Nasza strefa pobierania zapewnia centralny dost\u0119p do odpowiednich dokument\u00f3w, broszur i formularzy \u2013 dost\u0119pnych w ka\u017cdej chwili.\" \/>\n<meta property=\"og:url\" content=\"https:\/\/www.gefinex.com\/downloads-service\/downloads\/\" \/>\n<meta property=\"og:site_name\" content=\"Gefinex\" \/>\n<meta property=\"article:modified_time\" content=\"2026-03-06T09:39:17+00:00\" \/>\n<meta name=\"twitter:card\" content=\"summary_large_image\" \/>\n<script type=\"application\/ld+json\" class=\"yoast-schema-graph\">{\"@context\":\"https:\\\/\\\/schema.org\",\"@graph\":[{\"@type\":\"WebPage\",\"@id\":\"https:\\\/\\\/www.gefinex.com\\\/downloads-service\\\/downloads\\\/\",\"url\":\"https:\\\/\\\/www.gefinex.com\\\/downloads-service\\\/downloads\\\/\",\"name\":\"Pliki do pobrania - Gefinex\",\"isPartOf\":{\"@id\":\"https:\\\/\\\/www.gefinex.com\\\/#website\"},\"datePublished\":\"2021-12-02T12:19:04+00:00\",\"dateModified\":\"2026-03-06T09:39:17+00:00\",\"description\":\"Nasza strefa pobierania zapewnia centralny dost\u0119p do odpowiednich dokument\u00f3w, broszur i formularzy \u2013 dost\u0119pnych w ka\u017cdej chwili.\",\"breadcrumb\":{\"@id\":\"https:\\\/\\\/www.gefinex.com\\\/downloads-service\\\/downloads\\\/#breadcrumb\"},\"inLanguage\":\"pl-PL\",\"potentialAction\":[{\"@type\":\"ReadAction\",\"target\":[\"https:\\\/\\\/www.gefinex.com\\\/downloads-service\\\/downloads\\\/\"]}]},{\"@type\":\"BreadcrumbList\",\"@id\":\"https:\\\/\\\/www.gefinex.com\\\/downloads-service\\\/downloads\\\/#breadcrumb\",\"itemListElement\":[{\"@type\":\"ListItem\",\"position\":1,\"name\":\"Home\",\"item\":\"https:\\\/\\\/www.gefinex.com\\\/pl\\\/\"},{\"@type\":\"ListItem\",\"position\":2,\"name\":\"Pliki do pobrania i us\u0142ugi\",\"item\":\"https:\\\/\\\/www.gefinex.com\\\/pl\\\/pliki-do-pobrania-i-uslugi\\\/\"},{\"@type\":\"ListItem\",\"position\":3,\"name\":\"Pliki do pobrania\"}]},{\"@type\":\"WebSite\",\"@id\":\"https:\\\/\\\/www.gefinex.com\\\/#website\",\"url\":\"https:\\\/\\\/www.gefinex.com\\\/\",\"name\":\"Gefinex\",\"description\":\"\",\"potentialAction\":[{\"@type\":\"SearchAction\",\"target\":{\"@type\":\"EntryPoint\",\"urlTemplate\":\"https:\\\/\\\/www.gefinex.com\\\/?s={search_term_string}\"},\"query-input\":{\"@type\":\"PropertyValueSpecification\",\"valueRequired\":true,\"valueName\":\"search_term_string\"}}],\"inLanguage\":\"pl-PL\"}]}<\/script>\n<!-- \/ Yoast SEO plugin. -->","yoast_head_json":{"title":"Pliki do pobrania - Gefinex","description":"Nasza strefa pobierania zapewnia centralny dost\u0119p do odpowiednich dokument\u00f3w, broszur i formularzy \u2013 dost\u0119pnych w ka\u017cdej chwili.","robots":{"index":"index","follow":"follow","max-snippet":"max-snippet:-1","max-image-preview":"max-image-preview:large","max-video-preview":"max-video-preview:-1"},"canonical":"https:\/\/www.gefinex.com\/downloads-service\/downloads\/","og_locale":"pl_PL","og_type":"article","og_title":"Pliki do pobrania - Gefinex","og_description":"Nasza strefa pobierania zapewnia centralny dost\u0119p do odpowiednich dokument\u00f3w, broszur i formularzy \u2013 dost\u0119pnych w ka\u017cdej chwili.","og_url":"https:\/\/www.gefinex.com\/downloads-service\/downloads\/","og_site_name":"Gefinex","article_modified_time":"2026-03-06T09:39:17+00:00","twitter_card":"summary_large_image","schema":{"@context":"https:\/\/schema.org","@graph":[{"@type":"WebPage","@id":"https:\/\/www.gefinex.com\/downloads-service\/downloads\/","url":"https:\/\/www.gefinex.com\/downloads-service\/downloads\/","name":"Pliki do pobrania - Gefinex","isPartOf":{"@id":"https:\/\/www.gefinex.com\/#website"},"datePublished":"2021-12-02T12:19:04+00:00","dateModified":"2026-03-06T09:39:17+00:00","description":"Nasza strefa pobierania zapewnia centralny dost\u0119p do odpowiednich dokument\u00f3w, broszur i formularzy \u2013 dost\u0119pnych w ka\u017cdej chwili.","breadcrumb":{"@id":"https:\/\/www.gefinex.com\/downloads-service\/downloads\/#breadcrumb"},"inLanguage":"pl-PL","potentialAction":[{"@type":"ReadAction","target":["https:\/\/www.gefinex.com\/downloads-service\/downloads\/"]}]},{"@type":"BreadcrumbList","@id":"https:\/\/www.gefinex.com\/downloads-service\/downloads\/#breadcrumb","itemListElement":[{"@type":"ListItem","position":1,"name":"Home","item":"https:\/\/www.gefinex.com\/pl\/"},{"@type":"ListItem","position":2,"name":"Pliki do pobrania i us\u0142ugi","item":"https:\/\/www.gefinex.com\/pl\/pliki-do-pobrania-i-uslugi\/"},{"@type":"ListItem","position":3,"name":"Pliki do pobrania"}]},{"@type":"WebSite","@id":"https:\/\/www.gefinex.com\/#website","url":"https:\/\/www.gefinex.com\/","name":"Gefinex","description":"","potentialAction":[{"@type":"SearchAction","target":{"@type":"EntryPoint","urlTemplate":"https:\/\/www.gefinex.com\/?s={search_term_string}"},"query-input":{"@type":"PropertyValueSpecification","valueRequired":true,"valueName":"search_term_string"}}],"inLanguage":"pl-PL"}]}},"_links":{"self":[{"href":"https:\/\/www.gefinex.com\/pl\/wp-json\/wp\/v2\/pages\/7240","targetHints":{"allow":["GET"]}}],"collection":[{"href":"https:\/\/www.gefinex.com\/pl\/wp-json\/wp\/v2\/pages"}],"about":[{"href":"https:\/\/www.gefinex.com\/pl\/wp-json\/wp\/v2\/types\/page"}],"author":[{"embeddable":true,"href":"https:\/\/www.gefinex.com\/pl\/wp-json\/wp\/v2\/users\/8"}],"replies":[{"embeddable":true,"href":"https:\/\/www.gefinex.com\/pl\/wp-json\/wp\/v2\/comments?post=7240"}],"version-history":[{"count":1,"href":"https:\/\/www.gefinex.com\/pl\/wp-json\/wp\/v2\/pages\/7240\/revisions"}],"predecessor-version":[{"id":7244,"href":"https:\/\/www.gefinex.com\/pl\/wp-json\/wp\/v2\/pages\/7240\/revisions\/7244"}],"up":[{"embeddable":true,"href":"https:\/\/www.gefinex.com\/pl\/wp-json\/wp\/v2\/pages\/7242"}],"wp:attachment":[{"href":"https:\/\/www.gefinex.com\/pl\/wp-json\/wp\/v2\/media?parent=7240"}],"curies":[{"name":"wp","href":"https:\/\/api.w.org\/{rel}","templated":true}]}}