{"id":7245,"date":"2021-12-02T11:59:55","date_gmt":"2021-12-02T11:59:55","guid":{"rendered":"https:\/\/www.gefinex.com\/odcisk\/"},"modified":"2026-03-06T09:39:18","modified_gmt":"2026-03-06T09:39:18","slug":"odcisk","status":"publish","type":"page","link":"https:\/\/www.gefinex.com\/pl\/odcisk\/","title":{"rendered":"odcisk"},"content":{"rendered":"<p>Gefinex GmbH<br \/>\nJakobsdorfer Str. 1<br \/>\nD-16928 Pritzwalk<\/p>\n<p><strong>Reprezentowany przez:<\/strong><br \/>\nPani Ute Steinbacher<br \/>\nPan Roland Hebbel<\/p>\n<p><strong>Kontakt:<\/strong><br \/>\nTelefon: +49 (0) 3395 752 2100<br \/>\nFaks: +49 (0) 3395 752 2199<br \/>\nE-mail: info@gefinex.com<\/p>\n<p><strong>Wpis do rejestru:<\/strong><br \/>\nWpis do rejestru handlowego.<br \/>\nS\u0105d rejestrowy: S\u0105d rejestrowy Neuruppin<br \/>\nNumer rejestracyjny: HRB 11829 NP<\/p>\n<p><strong>Podatek od sprzeda\u017cy:<\/strong><br \/>\nNumer identyfikacji podatkowej zgodnie z \u00a727 a<\/p>\n<p><strong>Prawo dotycz\u0105ce podatku od sprzeda\u017cy:<\/strong><br \/>\nDE231055647<\/p>\n<p><strong>Numer podatkowy:<\/strong><br \/>\n052\/109\/02874<\/p>\n<p><strong>Dane bankowe:<\/strong><br \/>\nBank Tyrolu i Vorarlberg Aktiengesellschaft<br \/>\nOddzia\u0142 w Niemczech<br \/>\nIBAN: DE93 7201 2300 0697 2845 00<br \/>\nBIC: BTVADE61XXX<\/p>\n<p><strong>Rozstrzyganie spor\u00f3w:<\/strong><br \/>\nNie jeste\u015bmy sk\u0142onni ani zobowi\u0105zani do udzia\u0142u w post\u0119powaniu dotycz\u0105cym rozstrzygania spor\u00f3w przed konsumenck\u0105 komisj\u0105 arbitra\u017cow\u0105.<\/p>\n","protected":false},"excerpt":{"rendered":"<p>Gefinex GmbH Jakobsdorfer Str. 1 D-16928 Pritzwalk Reprezentowany przez: Pani Ute Steinbacher Pan Roland Hebbel Kontakt: Telefon: +49 (0) 3395 752 2100 Faks: +49 (0) 3395 752 2199 E-mail: info@gefinex.com Wpis do rejestru: Wpis do rejestru handlowego. S\u0105d rejestrowy: S\u0105d rejestrowy Neuruppin Numer rejestracyjny: HRB 11829 NP Podatek od sprzeda\u017cy: Numer identyfikacji podatkowej zgodnie z [&hellip;]<\/p>\n","protected":false},"author":8,"featured_media":0,"parent":0,"menu_order":0,"comment_status":"closed","ping_status":"closed","template":"","meta":{"footnotes":""},"class_list":["post-7245","page","type-page","status-publish","hentry"],"yoast_head":"<!-- This site is optimized with the Yoast SEO plugin v27.3 - https:\/\/yoast.com\/product\/yoast-seo-wordpress\/ -->\n<title>odcisk - Gefinex<\/title>\n<meta name=\"description\" content=\"Tutaj znajdziesz nasz\u0105 not\u0119 \u200b\u200bprawn\u0105 ze wszystkimi wa\u017cnymi informacjami dotycz\u0105cymi identyfikacji dostawcy, danymi kontaktowymi i prawnymi.\" \/>\n<meta name=\"robots\" content=\"index, follow, max-snippet:-1, max-image-preview:large, max-video-preview:-1\" \/>\n<link rel=\"canonical\" href=\"https:\/\/www.gefinex.com\/pl\/odcisk\/\" \/>\n<meta property=\"og:locale\" content=\"pl_PL\" \/>\n<meta property=\"og:type\" content=\"article\" \/>\n<meta property=\"og:title\" content=\"odcisk - Gefinex\" \/>\n<meta property=\"og:description\" content=\"Tutaj znajdziesz nasz\u0105 not\u0119 \u200b\u200bprawn\u0105 ze wszystkimi wa\u017cnymi informacjami dotycz\u0105cymi identyfikacji dostawcy, danymi kontaktowymi i prawnymi.\" \/>\n<meta property=\"og:url\" content=\"https:\/\/www.gefinex.com\/pl\/odcisk\/\" \/>\n<meta property=\"og:site_name\" content=\"Gefinex\" \/>\n<meta property=\"article:modified_time\" content=\"2026-03-06T09:39:18+00:00\" \/>\n<meta name=\"twitter:card\" content=\"summary_large_image\" \/>\n<meta name=\"twitter:label1\" content=\"Szacowany czas czytania\" \/>\n\t<meta name=\"twitter:data1\" content=\"1 minuta\" \/>\n<script type=\"application\/ld+json\" class=\"yoast-schema-graph\">{\"@context\":\"https:\\\/\\\/schema.org\",\"@graph\":[{\"@type\":\"WebPage\",\"@id\":\"https:\\\/\\\/www.gefinex.com\\\/pl\\\/odcisk\\\/\",\"url\":\"https:\\\/\\\/www.gefinex.com\\\/pl\\\/odcisk\\\/\",\"name\":\"odcisk - Gefinex\",\"isPartOf\":{\"@id\":\"https:\\\/\\\/www.gefinex.com\\\/#website\"},\"datePublished\":\"2021-12-02T11:59:55+00:00\",\"dateModified\":\"2026-03-06T09:39:18+00:00\",\"description\":\"Tutaj znajdziesz nasz\u0105 not\u0119 \u200b\u200bprawn\u0105 ze wszystkimi wa\u017cnymi informacjami dotycz\u0105cymi identyfikacji dostawcy, danymi kontaktowymi i prawnymi.\",\"breadcrumb\":{\"@id\":\"https:\\\/\\\/www.gefinex.com\\\/pl\\\/odcisk\\\/#breadcrumb\"},\"inLanguage\":\"pl-PL\",\"potentialAction\":[{\"@type\":\"ReadAction\",\"target\":[\"https:\\\/\\\/www.gefinex.com\\\/pl\\\/odcisk\\\/\"]}]},{\"@type\":\"BreadcrumbList\",\"@id\":\"https:\\\/\\\/www.gefinex.com\\\/pl\\\/odcisk\\\/#breadcrumb\",\"itemListElement\":[{\"@type\":\"ListItem\",\"position\":1,\"name\":\"Home\",\"item\":\"https:\\\/\\\/www.gefinex.com\\\/pl\\\/\"},{\"@type\":\"ListItem\",\"position\":2,\"name\":\"odcisk\"}]},{\"@type\":\"WebSite\",\"@id\":\"https:\\\/\\\/www.gefinex.com\\\/#website\",\"url\":\"https:\\\/\\\/www.gefinex.com\\\/\",\"name\":\"Gefinex\",\"description\":\"\",\"potentialAction\":[{\"@type\":\"SearchAction\",\"target\":{\"@type\":\"EntryPoint\",\"urlTemplate\":\"https:\\\/\\\/www.gefinex.com\\\/?s={search_term_string}\"},\"query-input\":{\"@type\":\"PropertyValueSpecification\",\"valueRequired\":true,\"valueName\":\"search_term_string\"}}],\"inLanguage\":\"pl-PL\"}]}<\/script>\n<!-- \/ Yoast SEO plugin. -->","yoast_head_json":{"title":"odcisk - Gefinex","description":"Tutaj znajdziesz nasz\u0105 not\u0119 \u200b\u200bprawn\u0105 ze wszystkimi wa\u017cnymi informacjami dotycz\u0105cymi identyfikacji dostawcy, danymi kontaktowymi i prawnymi.","robots":{"index":"index","follow":"follow","max-snippet":"max-snippet:-1","max-image-preview":"max-image-preview:large","max-video-preview":"max-video-preview:-1"},"canonical":"https:\/\/www.gefinex.com\/pl\/odcisk\/","og_locale":"pl_PL","og_type":"article","og_title":"odcisk - Gefinex","og_description":"Tutaj znajdziesz nasz\u0105 not\u0119 \u200b\u200bprawn\u0105 ze wszystkimi wa\u017cnymi informacjami dotycz\u0105cymi identyfikacji dostawcy, danymi kontaktowymi i prawnymi.","og_url":"https:\/\/www.gefinex.com\/pl\/odcisk\/","og_site_name":"Gefinex","article_modified_time":"2026-03-06T09:39:18+00:00","twitter_card":"summary_large_image","twitter_misc":{"Szacowany czas czytania":"1 minuta"},"schema":{"@context":"https:\/\/schema.org","@graph":[{"@type":"WebPage","@id":"https:\/\/www.gefinex.com\/pl\/odcisk\/","url":"https:\/\/www.gefinex.com\/pl\/odcisk\/","name":"odcisk - Gefinex","isPartOf":{"@id":"https:\/\/www.gefinex.com\/#website"},"datePublished":"2021-12-02T11:59:55+00:00","dateModified":"2026-03-06T09:39:18+00:00","description":"Tutaj znajdziesz nasz\u0105 not\u0119 \u200b\u200bprawn\u0105 ze wszystkimi wa\u017cnymi informacjami dotycz\u0105cymi identyfikacji dostawcy, danymi kontaktowymi i prawnymi.","breadcrumb":{"@id":"https:\/\/www.gefinex.com\/pl\/odcisk\/#breadcrumb"},"inLanguage":"pl-PL","potentialAction":[{"@type":"ReadAction","target":["https:\/\/www.gefinex.com\/pl\/odcisk\/"]}]},{"@type":"BreadcrumbList","@id":"https:\/\/www.gefinex.com\/pl\/odcisk\/#breadcrumb","itemListElement":[{"@type":"ListItem","position":1,"name":"Home","item":"https:\/\/www.gefinex.com\/pl\/"},{"@type":"ListItem","position":2,"name":"odcisk"}]},{"@type":"WebSite","@id":"https:\/\/www.gefinex.com\/#website","url":"https:\/\/www.gefinex.com\/","name":"Gefinex","description":"","potentialAction":[{"@type":"SearchAction","target":{"@type":"EntryPoint","urlTemplate":"https:\/\/www.gefinex.com\/?s={search_term_string}"},"query-input":{"@type":"PropertyValueSpecification","valueRequired":true,"valueName":"search_term_string"}}],"inLanguage":"pl-PL"}]}},"_links":{"self":[{"href":"https:\/\/www.gefinex.com\/pl\/wp-json\/wp\/v2\/pages\/7245","targetHints":{"allow":["GET"]}}],"collection":[{"href":"https:\/\/www.gefinex.com\/pl\/wp-json\/wp\/v2\/pages"}],"about":[{"href":"https:\/\/www.gefinex.com\/pl\/wp-json\/wp\/v2\/types\/page"}],"author":[{"embeddable":true,"href":"https:\/\/www.gefinex.com\/pl\/wp-json\/wp\/v2\/users\/8"}],"replies":[{"embeddable":true,"href":"https:\/\/www.gefinex.com\/pl\/wp-json\/wp\/v2\/comments?post=7245"}],"version-history":[{"count":1,"href":"https:\/\/www.gefinex.com\/pl\/wp-json\/wp\/v2\/pages\/7245\/revisions"}],"predecessor-version":[{"id":7563,"href":"https:\/\/www.gefinex.com\/pl\/wp-json\/wp\/v2\/pages\/7245\/revisions\/7563"}],"wp:attachment":[{"href":"https:\/\/www.gefinex.com\/pl\/wp-json\/wp\/v2\/media?parent=7245"}],"curies":[{"name":"wp","href":"https:\/\/api.w.org\/{rel}","templated":true}]}}