{"id":7253,"date":"2021-12-02T10:00:01","date_gmt":"2021-12-02T10:00:01","guid":{"rendered":"https:\/\/www.gefinex.com\/ochrona-danych\/"},"modified":"2026-03-06T09:39:19","modified_gmt":"2026-03-06T09:39:19","slug":"ochrona-danych","status":"publish","type":"page","link":"https:\/\/www.gefinex.com\/pl\/ochrona-danych\/","title":{"rendered":"Ochrona danych"},"content":{"rendered":"","protected":false},"excerpt":{"rendered":"","protected":false},"author":8,"featured_media":0,"parent":0,"menu_order":0,"comment_status":"closed","ping_status":"closed","template":"templates\/datenschutz.php","meta":{"footnotes":""},"class_list":["post-7253","page","type-page","status-publish","hentry"],"yoast_head":"<!-- This site is optimized with the Yoast SEO plugin v27.3 - https:\/\/yoast.com\/product\/yoast-seo-wordpress\/ -->\n<title>Ochrona danych - Gefinex<\/title>\n<meta name=\"description\" content=\"Bardzo powa\u017cnie podchodzimy do ochrony Twoich danych. W tym miejscu informujemy Ci\u0119 w spos\u00f3b przejrzysty i zrozumia\u0142y o przetwarzaniu zgodnie z RODO.\" \/>\n<meta name=\"robots\" content=\"index, follow, max-snippet:-1, max-image-preview:large, max-video-preview:-1\" \/>\n<link rel=\"canonical\" href=\"https:\/\/www.gefinex.com\/pl\/ochrona-danych\/\" \/>\n<meta property=\"og:locale\" content=\"pl_PL\" \/>\n<meta property=\"og:type\" content=\"article\" \/>\n<meta property=\"og:title\" content=\"Ochrona danych - Gefinex\" \/>\n<meta property=\"og:description\" content=\"Bardzo powa\u017cnie podchodzimy do ochrony Twoich danych. W tym miejscu informujemy Ci\u0119 w spos\u00f3b przejrzysty i zrozumia\u0142y o przetwarzaniu zgodnie z RODO.\" \/>\n<meta property=\"og:url\" content=\"https:\/\/www.gefinex.com\/pl\/ochrona-danych\/\" \/>\n<meta property=\"og:site_name\" content=\"Gefinex\" \/>\n<meta property=\"article:modified_time\" content=\"2026-03-06T09:39:19+00:00\" \/>\n<meta name=\"twitter:card\" content=\"summary_large_image\" \/>\n<script type=\"application\/ld+json\" class=\"yoast-schema-graph\">{\"@context\":\"https:\\\/\\\/schema.org\",\"@graph\":[{\"@type\":\"WebPage\",\"@id\":\"https:\\\/\\\/www.gefinex.com\\\/pl\\\/ochrona-danych\\\/\",\"url\":\"https:\\\/\\\/www.gefinex.com\\\/pl\\\/ochrona-danych\\\/\",\"name\":\"Ochrona danych - Gefinex\",\"isPartOf\":{\"@id\":\"https:\\\/\\\/www.gefinex.com\\\/#website\"},\"datePublished\":\"2021-12-02T10:00:01+00:00\",\"dateModified\":\"2026-03-06T09:39:19+00:00\",\"description\":\"Bardzo powa\u017cnie podchodzimy do ochrony Twoich danych. W tym miejscu informujemy Ci\u0119 w spos\u00f3b przejrzysty i zrozumia\u0142y o przetwarzaniu zgodnie z RODO.\",\"breadcrumb\":{\"@id\":\"https:\\\/\\\/www.gefinex.com\\\/pl\\\/ochrona-danych\\\/#breadcrumb\"},\"inLanguage\":\"pl-PL\",\"potentialAction\":[{\"@type\":\"ReadAction\",\"target\":[\"https:\\\/\\\/www.gefinex.com\\\/pl\\\/ochrona-danych\\\/\"]}]},{\"@type\":\"BreadcrumbList\",\"@id\":\"https:\\\/\\\/www.gefinex.com\\\/pl\\\/ochrona-danych\\\/#breadcrumb\",\"itemListElement\":[{\"@type\":\"ListItem\",\"position\":1,\"name\":\"Home\",\"item\":\"https:\\\/\\\/www.gefinex.com\\\/pl\\\/\"},{\"@type\":\"ListItem\",\"position\":2,\"name\":\"Ochrona danych\"}]},{\"@type\":\"WebSite\",\"@id\":\"https:\\\/\\\/www.gefinex.com\\\/#website\",\"url\":\"https:\\\/\\\/www.gefinex.com\\\/\",\"name\":\"Gefinex\",\"description\":\"\",\"potentialAction\":[{\"@type\":\"SearchAction\",\"target\":{\"@type\":\"EntryPoint\",\"urlTemplate\":\"https:\\\/\\\/www.gefinex.com\\\/?s={search_term_string}\"},\"query-input\":{\"@type\":\"PropertyValueSpecification\",\"valueRequired\":true,\"valueName\":\"search_term_string\"}}],\"inLanguage\":\"pl-PL\"}]}<\/script>\n<!-- \/ Yoast SEO plugin. -->","yoast_head_json":{"title":"Ochrona danych - Gefinex","description":"Bardzo powa\u017cnie podchodzimy do ochrony Twoich danych. W tym miejscu informujemy Ci\u0119 w spos\u00f3b przejrzysty i zrozumia\u0142y o przetwarzaniu zgodnie z RODO.","robots":{"index":"index","follow":"follow","max-snippet":"max-snippet:-1","max-image-preview":"max-image-preview:large","max-video-preview":"max-video-preview:-1"},"canonical":"https:\/\/www.gefinex.com\/pl\/ochrona-danych\/","og_locale":"pl_PL","og_type":"article","og_title":"Ochrona danych - Gefinex","og_description":"Bardzo powa\u017cnie podchodzimy do ochrony Twoich danych. W tym miejscu informujemy Ci\u0119 w spos\u00f3b przejrzysty i zrozumia\u0142y o przetwarzaniu zgodnie z RODO.","og_url":"https:\/\/www.gefinex.com\/pl\/ochrona-danych\/","og_site_name":"Gefinex","article_modified_time":"2026-03-06T09:39:19+00:00","twitter_card":"summary_large_image","schema":{"@context":"https:\/\/schema.org","@graph":[{"@type":"WebPage","@id":"https:\/\/www.gefinex.com\/pl\/ochrona-danych\/","url":"https:\/\/www.gefinex.com\/pl\/ochrona-danych\/","name":"Ochrona danych - Gefinex","isPartOf":{"@id":"https:\/\/www.gefinex.com\/#website"},"datePublished":"2021-12-02T10:00:01+00:00","dateModified":"2026-03-06T09:39:19+00:00","description":"Bardzo powa\u017cnie podchodzimy do ochrony Twoich danych. W tym miejscu informujemy Ci\u0119 w spos\u00f3b przejrzysty i zrozumia\u0142y o przetwarzaniu zgodnie z RODO.","breadcrumb":{"@id":"https:\/\/www.gefinex.com\/pl\/ochrona-danych\/#breadcrumb"},"inLanguage":"pl-PL","potentialAction":[{"@type":"ReadAction","target":["https:\/\/www.gefinex.com\/pl\/ochrona-danych\/"]}]},{"@type":"BreadcrumbList","@id":"https:\/\/www.gefinex.com\/pl\/ochrona-danych\/#breadcrumb","itemListElement":[{"@type":"ListItem","position":1,"name":"Home","item":"https:\/\/www.gefinex.com\/pl\/"},{"@type":"ListItem","position":2,"name":"Ochrona danych"}]},{"@type":"WebSite","@id":"https:\/\/www.gefinex.com\/#website","url":"https:\/\/www.gefinex.com\/","name":"Gefinex","description":"","potentialAction":[{"@type":"SearchAction","target":{"@type":"EntryPoint","urlTemplate":"https:\/\/www.gefinex.com\/?s={search_term_string}"},"query-input":{"@type":"PropertyValueSpecification","valueRequired":true,"valueName":"search_term_string"}}],"inLanguage":"pl-PL"}]}},"_links":{"self":[{"href":"https:\/\/www.gefinex.com\/pl\/wp-json\/wp\/v2\/pages\/7253","targetHints":{"allow":["GET"]}}],"collection":[{"href":"https:\/\/www.gefinex.com\/pl\/wp-json\/wp\/v2\/pages"}],"about":[{"href":"https:\/\/www.gefinex.com\/pl\/wp-json\/wp\/v2\/types\/page"}],"author":[{"embeddable":true,"href":"https:\/\/www.gefinex.com\/pl\/wp-json\/wp\/v2\/users\/8"}],"replies":[{"embeddable":true,"href":"https:\/\/www.gefinex.com\/pl\/wp-json\/wp\/v2\/comments?post=7253"}],"version-history":[{"count":1,"href":"https:\/\/www.gefinex.com\/pl\/wp-json\/wp\/v2\/pages\/7253\/revisions"}],"predecessor-version":[{"id":7561,"href":"https:\/\/www.gefinex.com\/pl\/wp-json\/wp\/v2\/pages\/7253\/revisions\/7561"}],"wp:attachment":[{"href":"https:\/\/www.gefinex.com\/pl\/wp-json\/wp\/v2\/media?parent=7253"}],"curies":[{"name":"wp","href":"https:\/\/api.w.org\/{rel}","templated":true}]}}