{"id":7254,"date":"2021-12-02T09:56:54","date_gmt":"2021-12-02T09:56:54","guid":{"rendered":"https:\/\/www.gefinex.com\/pliki-do-pobrania-i-uslugi\/osoba-kontaktowa\/"},"modified":"2026-03-06T09:39:19","modified_gmt":"2026-03-06T09:39:19","slug":"osoba-kontaktowa","status":"publish","type":"page","link":"https:\/\/www.gefinex.com\/pl\/pliki-do-pobrania-i-uslugi\/osoba-kontaktowa\/","title":{"rendered":"osoba kontaktowa"},"content":{"rendered":"<p>Godziny otwarcia:<\/p>\n<blockquote><p>PON \u2013 CZWARTEK 8:00 \u2013 16:00; PI\u0104TEK 8:00 \u2013 14:00<\/p><\/blockquote>\n","protected":false},"excerpt":{"rendered":"<p>Godziny otwarcia: PON \u2013 CZWARTEK 8:00 \u2013 16:00; PI\u0104TEK 8:00 \u2013 14:00<\/p>\n","protected":false},"author":8,"featured_media":0,"parent":7242,"menu_order":0,"comment_status":"closed","ping_status":"closed","template":"templates\/ansprechpartner.php","meta":{"footnotes":""},"class_list":["post-7254","page","type-page","status-publish","hentry"],"yoast_head":"<!-- This site is optimized with the Yoast SEO plugin v27.3 - https:\/\/yoast.com\/product\/yoast-seo-wordpress\/ -->\n<title>osoba kontaktowa - Gefinex<\/title>\n<meta name=\"description\" content=\"Poznaj nasze osoby kontaktowe. W ka\u017cdej chwili jeste\u015bmy gotowi odpowiedzie\u0107 na wszelkie pytania i w\u0105tpliwo\u015bci.\" \/>\n<meta name=\"robots\" content=\"index, follow, max-snippet:-1, max-image-preview:large, max-video-preview:-1\" \/>\n<link rel=\"canonical\" href=\"https:\/\/www.gefinex.com\/pl\/pliki-do-pobrania-i-uslugi\/osoba-kontaktowa\/\" \/>\n<meta property=\"og:locale\" content=\"pl_PL\" \/>\n<meta property=\"og:type\" content=\"article\" \/>\n<meta property=\"og:title\" content=\"osoba kontaktowa - Gefinex\" \/>\n<meta property=\"og:description\" content=\"Poznaj nasze osoby kontaktowe. W ka\u017cdej chwili jeste\u015bmy gotowi odpowiedzie\u0107 na wszelkie pytania i w\u0105tpliwo\u015bci.\" \/>\n<meta property=\"og:url\" content=\"https:\/\/www.gefinex.com\/pl\/pliki-do-pobrania-i-uslugi\/osoba-kontaktowa\/\" \/>\n<meta property=\"og:site_name\" content=\"Gefinex\" \/>\n<meta property=\"article:modified_time\" content=\"2026-03-06T09:39:19+00:00\" \/>\n<meta name=\"twitter:card\" content=\"summary_large_image\" \/>\n<script type=\"application\/ld+json\" class=\"yoast-schema-graph\">{\"@context\":\"https:\\\/\\\/schema.org\",\"@graph\":[{\"@type\":\"WebPage\",\"@id\":\"https:\\\/\\\/www.gefinex.com\\\/pl\\\/pliki-do-pobrania-i-uslugi\\\/osoba-kontaktowa\\\/\",\"url\":\"https:\\\/\\\/www.gefinex.com\\\/pl\\\/pliki-do-pobrania-i-uslugi\\\/osoba-kontaktowa\\\/\",\"name\":\"osoba kontaktowa - Gefinex\",\"isPartOf\":{\"@id\":\"https:\\\/\\\/www.gefinex.com\\\/#website\"},\"datePublished\":\"2021-12-02T09:56:54+00:00\",\"dateModified\":\"2026-03-06T09:39:19+00:00\",\"description\":\"Poznaj nasze osoby kontaktowe. W ka\u017cdej chwili jeste\u015bmy gotowi odpowiedzie\u0107 na wszelkie pytania i w\u0105tpliwo\u015bci.\",\"breadcrumb\":{\"@id\":\"https:\\\/\\\/www.gefinex.com\\\/pl\\\/pliki-do-pobrania-i-uslugi\\\/osoba-kontaktowa\\\/#breadcrumb\"},\"inLanguage\":\"pl-PL\",\"potentialAction\":[{\"@type\":\"ReadAction\",\"target\":[\"https:\\\/\\\/www.gefinex.com\\\/pl\\\/pliki-do-pobrania-i-uslugi\\\/osoba-kontaktowa\\\/\"]}]},{\"@type\":\"BreadcrumbList\",\"@id\":\"https:\\\/\\\/www.gefinex.com\\\/pl\\\/pliki-do-pobrania-i-uslugi\\\/osoba-kontaktowa\\\/#breadcrumb\",\"itemListElement\":[{\"@type\":\"ListItem\",\"position\":1,\"name\":\"Home\",\"item\":\"https:\\\/\\\/www.gefinex.com\\\/pl\\\/\"},{\"@type\":\"ListItem\",\"position\":2,\"name\":\"Pliki do pobrania i us\u0142ugi\",\"item\":\"https:\\\/\\\/www.gefinex.com\\\/pl\\\/pliki-do-pobrania-i-uslugi\\\/\"},{\"@type\":\"ListItem\",\"position\":3,\"name\":\"osoba kontaktowa\"}]},{\"@type\":\"WebSite\",\"@id\":\"https:\\\/\\\/www.gefinex.com\\\/#website\",\"url\":\"https:\\\/\\\/www.gefinex.com\\\/\",\"name\":\"Gefinex\",\"description\":\"\",\"potentialAction\":[{\"@type\":\"SearchAction\",\"target\":{\"@type\":\"EntryPoint\",\"urlTemplate\":\"https:\\\/\\\/www.gefinex.com\\\/?s={search_term_string}\"},\"query-input\":{\"@type\":\"PropertyValueSpecification\",\"valueRequired\":true,\"valueName\":\"search_term_string\"}}],\"inLanguage\":\"pl-PL\"}]}<\/script>\n<!-- \/ Yoast SEO plugin. -->","yoast_head_json":{"title":"osoba kontaktowa - Gefinex","description":"Poznaj nasze osoby kontaktowe. W ka\u017cdej chwili jeste\u015bmy gotowi odpowiedzie\u0107 na wszelkie pytania i w\u0105tpliwo\u015bci.","robots":{"index":"index","follow":"follow","max-snippet":"max-snippet:-1","max-image-preview":"max-image-preview:large","max-video-preview":"max-video-preview:-1"},"canonical":"https:\/\/www.gefinex.com\/pl\/pliki-do-pobrania-i-uslugi\/osoba-kontaktowa\/","og_locale":"pl_PL","og_type":"article","og_title":"osoba kontaktowa - Gefinex","og_description":"Poznaj nasze osoby kontaktowe. W ka\u017cdej chwili jeste\u015bmy gotowi odpowiedzie\u0107 na wszelkie pytania i w\u0105tpliwo\u015bci.","og_url":"https:\/\/www.gefinex.com\/pl\/pliki-do-pobrania-i-uslugi\/osoba-kontaktowa\/","og_site_name":"Gefinex","article_modified_time":"2026-03-06T09:39:19+00:00","twitter_card":"summary_large_image","schema":{"@context":"https:\/\/schema.org","@graph":[{"@type":"WebPage","@id":"https:\/\/www.gefinex.com\/pl\/pliki-do-pobrania-i-uslugi\/osoba-kontaktowa\/","url":"https:\/\/www.gefinex.com\/pl\/pliki-do-pobrania-i-uslugi\/osoba-kontaktowa\/","name":"osoba kontaktowa - Gefinex","isPartOf":{"@id":"https:\/\/www.gefinex.com\/#website"},"datePublished":"2021-12-02T09:56:54+00:00","dateModified":"2026-03-06T09:39:19+00:00","description":"Poznaj nasze osoby kontaktowe. W ka\u017cdej chwili jeste\u015bmy gotowi odpowiedzie\u0107 na wszelkie pytania i w\u0105tpliwo\u015bci.","breadcrumb":{"@id":"https:\/\/www.gefinex.com\/pl\/pliki-do-pobrania-i-uslugi\/osoba-kontaktowa\/#breadcrumb"},"inLanguage":"pl-PL","potentialAction":[{"@type":"ReadAction","target":["https:\/\/www.gefinex.com\/pl\/pliki-do-pobrania-i-uslugi\/osoba-kontaktowa\/"]}]},{"@type":"BreadcrumbList","@id":"https:\/\/www.gefinex.com\/pl\/pliki-do-pobrania-i-uslugi\/osoba-kontaktowa\/#breadcrumb","itemListElement":[{"@type":"ListItem","position":1,"name":"Home","item":"https:\/\/www.gefinex.com\/pl\/"},{"@type":"ListItem","position":2,"name":"Pliki do pobrania i us\u0142ugi","item":"https:\/\/www.gefinex.com\/pl\/pliki-do-pobrania-i-uslugi\/"},{"@type":"ListItem","position":3,"name":"osoba kontaktowa"}]},{"@type":"WebSite","@id":"https:\/\/www.gefinex.com\/#website","url":"https:\/\/www.gefinex.com\/","name":"Gefinex","description":"","potentialAction":[{"@type":"SearchAction","target":{"@type":"EntryPoint","urlTemplate":"https:\/\/www.gefinex.com\/?s={search_term_string}"},"query-input":{"@type":"PropertyValueSpecification","valueRequired":true,"valueName":"search_term_string"}}],"inLanguage":"pl-PL"}]}},"_links":{"self":[{"href":"https:\/\/www.gefinex.com\/pl\/wp-json\/wp\/v2\/pages\/7254","targetHints":{"allow":["GET"]}}],"collection":[{"href":"https:\/\/www.gefinex.com\/pl\/wp-json\/wp\/v2\/pages"}],"about":[{"href":"https:\/\/www.gefinex.com\/pl\/wp-json\/wp\/v2\/types\/page"}],"author":[{"embeddable":true,"href":"https:\/\/www.gefinex.com\/pl\/wp-json\/wp\/v2\/users\/8"}],"replies":[{"embeddable":true,"href":"https:\/\/www.gefinex.com\/pl\/wp-json\/wp\/v2\/comments?post=7254"}],"version-history":[{"count":1,"href":"https:\/\/www.gefinex.com\/pl\/wp-json\/wp\/v2\/pages\/7254\/revisions"}],"predecessor-version":[{"id":7560,"href":"https:\/\/www.gefinex.com\/pl\/wp-json\/wp\/v2\/pages\/7254\/revisions\/7560"}],"up":[{"embeddable":true,"href":"https:\/\/www.gefinex.com\/pl\/wp-json\/wp\/v2\/pages\/7242"}],"wp:attachment":[{"href":"https:\/\/www.gefinex.com\/pl\/wp-json\/wp\/v2\/media?parent=7254"}],"curies":[{"name":"wp","href":"https:\/\/api.w.org\/{rel}","templated":true}]}}